{"id":24204,"date":"2023-12-16T09:37:45","date_gmt":"2023-12-16T09:37:45","guid":{"rendered":"https:\/\/hfsu.is\/magdalena-falter\/"},"modified":"2024-02-06T12:45:40","modified_gmt":"2024-02-06T12:45:40","slug":"magdalena-falter","status":"publish","type":"page","link":"https:\/\/hfsu.is\/en\/the-science-and-research-fund-of-south-iceland\/grant-recipients\/magdalena-falter\/","title":{"rendered":"Magdalena Falter"},"content":{"rendered":"\t\t<div data-elementor-type=\"wp-page\" data-elementor-id=\"24204\" class=\"elementor elementor-24204 elementor-23179\">\n\t\t\t\t\t\t<section class=\"elementor-section elementor-top-section elementor-element elementor-element-2d852760 elementor-section-boxed elementor-section-height-default elementor-section-height-default sc_fly_static\" data-id=\"2d852760\" data-element_type=\"section\" data-e-type=\"section\">\n\t\t\t\t\t\t<div class=\"elementor-container elementor-column-gap-extended\">\n\t\t\t\t\t<div class=\"elementor-column elementor-col-100 elementor-top-column elementor-element elementor-element-19ae3e7d sc_content_align_inherit sc_layouts_column_icons_position_left sc_fly_static\" data-id=\"19ae3e7d\" data-element_type=\"column\" data-e-type=\"column\">\n\t\t\t<div class=\"elementor-widget-wrap elementor-element-populated\">\n\t\t\t\t\t\t<div class=\"elementor-element elementor-element-58cc937b sc_fly_static elementor-widget elementor-widget-trx_sc_title\" data-id=\"58cc937b\" data-element_type=\"widget\" data-e-type=\"widget\" data-widget_type=\"trx_sc_title.default\">\n\t\t\t\t<div class=\"elementor-widget-container\">\n\t\t\t\t\t<div\t\tclass=\"sc_title sc_title_accent\" ><span class=\"sc_item_subtitle sc_title_subtitle sc_align_center sc_item_subtitle_above sc_item_title_style_accent\">The Science and Research Fund<\/span><h1 class=\"sc_item_title sc_title_title sc_align_center sc_item_title_style_accent sc_item_title_tag\"\n\t\t\t><span class=\"sc_item_title_text\">Dynamics of digital innovation for tourism entrepreneurs in rural Iceland<\/span><\/h1><div class=\"sc_item_descr sc_title_descr sc_align_center\"><p>Magdalena Falter, PhD student of Tourism Studies at the University of Iceland<\/p>\n<\/div><\/div>\t\t\t\t<\/div>\n\t\t\t\t<\/div>\n\t\t\t\t<div class=\"elementor-element elementor-element-2f6849d3 elementor-position-inline-start elementor-mobile-position-inline-start elementor-widget__width-auto elementor-view-default sc_fly_static elementor-widget elementor-widget-icon-box\" data-id=\"2f6849d3\" data-element_type=\"widget\" data-e-type=\"widget\" data-widget_type=\"icon-box.default\">\n\t\t\t\t<div class=\"elementor-widget-container\">\n\t\t\t\t\t\t\t<div class=\"elementor-icon-box-wrapper\">\n\n\t\t\t\t\t\t<div class=\"elementor-icon-box-icon\">\n\t\t\t\t<a href=\"https:\/\/hfsu.is\/en\/the-science-and-research-fund-of-south-iceland\/grant-recipients\/\" class=\"elementor-icon\" tabindex=\"-1\" aria-label=\"Go back\">\n\t\t\t\t<i aria-hidden=\"true\" class=\"fas fa-arrow-left\"><\/i>\t\t\t\t<\/a>\n\t\t\t<\/div>\n\t\t\t\n\t\t\t\t\t\t<div class=\"elementor-icon-box-content\">\n\n\t\t\t\t\t\t\t\t\t<span class=\"elementor-icon-box-title\">\n\t\t\t\t\t\t<a href=\"https:\/\/hfsu.is\/en\/the-science-and-research-fund-of-south-iceland\/grant-recipients\/\" >\n\t\t\t\t\t\t\tGo back\t\t\t\t\t\t<\/a>\n\t\t\t\t\t<\/span>\n\t\t\t\t\n\t\t\t\t\n\t\t\t<\/div>\n\t\t\t\n\t\t<\/div>\n\t\t\t\t\t\t<\/div>\n\t\t\t\t<\/div>\n\t\t\t\t<div class=\"elementor-element elementor-element-e78ec37 sc_fly_static elementor-widget elementor-widget-spacer\" data-id=\"e78ec37\" data-element_type=\"widget\" data-e-type=\"widget\" data-widget_type=\"spacer.default\">\n\t\t\t\t<div class=\"elementor-widget-container\">\n\t\t\t\t\t\t\t<div class=\"elementor-spacer\">\n\t\t\t<div class=\"elementor-spacer-inner\"><\/div>\n\t\t<\/div>\n\t\t\t\t\t\t<\/div>\n\t\t\t\t<\/div>\n\t\t\t\t\t<\/div>\n\t\t<\/div>\n\t\t\t\t\t<\/div>\n\t\t<\/section>\n\t\t\t\t<section class=\"elementor-section elementor-top-section elementor-element elementor-element-aba0a7a elementor-section-stretched elementor-section-boxed elementor-section-height-default elementor-section-height-default sc_fly_static\" data-id=\"aba0a7a\" data-element_type=\"section\" data-e-type=\"section\" data-settings=\"{&quot;stretch_section&quot;:&quot;section-stretched&quot;,&quot;background_background&quot;:&quot;classic&quot;}\">\n\t\t\t\t\t\t<div class=\"elementor-container elementor-column-gap-extended\">\n\t\t\t\t\t<div class=\"elementor-column elementor-col-100 elementor-top-column elementor-element elementor-element-cd55551 sc_content_align_inherit sc_layouts_column_icons_position_left sc_fly_static\" data-id=\"cd55551\" data-element_type=\"column\" data-e-type=\"column\">\n\t\t\t<div class=\"elementor-widget-wrap elementor-element-populated\">\n\t\t\t\t\t\t<div class=\"elementor-element elementor-element-e7062fb sc_fly_static elementor-widget elementor-widget-heading\" data-id=\"e7062fb\" data-element_type=\"widget\" data-e-type=\"widget\" data-widget_type=\"heading.default\">\n\t\t\t\t<div class=\"elementor-widget-container\">\n\t\t\t\t\t<h2 class=\"elementor-heading-title elementor-size-default\">Description of project <\/h2>\t\t\t\t<\/div>\n\t\t\t\t<\/div>\n\t\t\t\t<div class=\"elementor-element elementor-element-e69d8b8 sc_fly_static elementor-widget elementor-widget-heading\" data-id=\"e69d8b8\" data-element_type=\"widget\" data-e-type=\"widget\" data-widget_type=\"heading.default\">\n\t\t\t\t<div class=\"elementor-widget-container\">\n\t\t\t\t\t<h3 class=\"elementor-heading-title elementor-size-default\">Magdalena Falter, PhD student of Tourism Studies at the University of Iceland, recieved a grant in 2019 for her research \u201cDynamics of digital innovation for tourism entrepeneurs in rural Iceland\u201d. In the following text, Magdalena introduces briefly her research project.<\/h3>\t\t\t\t<\/div>\n\t\t\t\t<\/div>\n\t\t\t\t<section class=\"elementor-section elementor-inner-section elementor-element elementor-element-3283551 elementor-section-boxed elementor-section-height-default elementor-section-height-default sc_fly_static\" data-id=\"3283551\" data-element_type=\"section\" data-e-type=\"section\">\n\t\t\t\t\t\t<div class=\"elementor-container elementor-column-gap-extended\">\n\t\t\t\t\t<div class=\"elementor-column elementor-col-50 elementor-inner-column elementor-element elementor-element-3a52a81 sc_content_align_inherit sc_layouts_column_icons_position_left sc_fly_static\" data-id=\"3a52a81\" data-element_type=\"column\" data-e-type=\"column\">\n\t\t\t<div class=\"elementor-widget-wrap elementor-element-populated\">\n\t\t\t\t\t\t<div class=\"elementor-element elementor-element-81309c9 sc_fly_static elementor-widget elementor-widget-text-editor\" data-id=\"81309c9\" data-element_type=\"widget\" data-e-type=\"widget\" data-widget_type=\"text-editor.default\">\n\t\t\t\t<div class=\"elementor-widget-container\">\n\t\t\t\t\t\t\t\t\t<p>We got her to tell us briefly about her project.<\/p>\n<p>This paper explores digital innovation and entrepreneurial dynamics in rural Iceland It provides knowledge about the status and the value of digital innovation for rural tourism entrepreneurs in Iceland and investigates if and how digital innovation becomes meaningful to them. Apart from answering the question of \u2018what is going on the ground\u2019, it describes the level of involvement of rural tourism businesses in innovation and digital applications. Despite the discussions about smart tourism and the necessity of digital innovation in the global tourism industry, the study revealed that innovation and digitalization are not necessarily interrelated in the understanding of the rural Icelandic tourism entrepreneurs. This exploratory research follows a qualitative methodology based on 34 semi-structured interviews with rural tourism entrepreneurs in Iceland. The study adds both practical and scientific value to the body of literature by contributing to gaining understanding about the missing link between policy and practice.<\/p>\n\t\t\t\t\t\t\t\t<\/div>\n\t\t\t\t<\/div>\n\t\t\t\t\t<\/div>\n\t\t<\/div>\n\t\t\t\t<div class=\"elementor-column elementor-col-50 elementor-inner-column elementor-element elementor-element-dfc5d96 sc_content_align_inherit sc_layouts_column_icons_position_left sc_fly_static\" data-id=\"dfc5d96\" data-element_type=\"column\" data-e-type=\"column\">\n\t\t\t<div class=\"elementor-widget-wrap elementor-element-populated\">\n\t\t\t\t\t\t<div class=\"elementor-element elementor-element-e17aa04 sc_fly_static elementor-widget elementor-widget-image\" data-id=\"e17aa04\" data-element_type=\"widget\" data-e-type=\"widget\" data-widget_type=\"image.default\">\n\t\t\t\t<div class=\"elementor-widget-container\">\n\t\t\t\t\t\t\t\t\t\t\t\t\t\t\t<img fetchpriority=\"high\" decoding=\"async\" width=\"413\" height=\"375\" src=\"https:\/\/hfsu.is\/wp-content\/uploads\/2023\/12\/Magdalena01.jpg\" class=\"attachment-large size-large wp-image-24195\" alt=\"\" srcset=\"https:\/\/hfsu.is\/wp-content\/uploads\/2023\/12\/Magdalena01.jpg 413w, https:\/\/hfsu.is\/wp-content\/uploads\/2023\/12\/Magdalena01-300x272.jpg 300w, https:\/\/hfsu.is\/wp-content\/uploads\/2023\/12\/Magdalena01-370x336.jpg 370w, https:\/\/hfsu.is\/wp-content\/uploads\/2023\/12\/Magdalena01-410x372.jpg 410w\" sizes=\"(max-width: 600px) 100vw, 413px\" \/>\t\t\t\t\t\t\t\t\t\t\t\t\t\t\t<\/div>\n\t\t\t\t<\/div>\n\t\t\t\t\t<\/div>\n\t\t<\/div>\n\t\t\t\t\t<\/div>\n\t\t<\/section>\n\t\t\t\t\t<\/div>\n\t\t<\/div>\n\t\t\t\t\t<\/div>\n\t\t<\/section>\n\t\t\t\t<section class=\"elementor-section-with-custom-width elementor-section elementor-top-section elementor-element elementor-element-7c78fa6 elementor-section-boxed elementor-section-height-default elementor-section-height-default sc_fly_static\" data-id=\"7c78fa6\" data-element_type=\"section\" data-e-type=\"section\">\n\t\t\t\t\t\t<div class=\"elementor-container elementor-column-gap-extended\">\n\t\t\t\t\t<div class=\"elementor-column elementor-col-100 elementor-top-column elementor-element elementor-element-be408e2 sc_content_align_inherit sc_layouts_column_icons_position_left sc_fly_static\" data-id=\"be408e2\" data-element_type=\"column\" data-e-type=\"column\">\n\t\t\t<div class=\"elementor-widget-wrap elementor-element-populated\">\n\t\t\t\t\t\t<div class=\"elementor-element elementor-element-c4e42a5 sc_fly_static elementor-widget elementor-widget-text-editor\" data-id=\"c4e42a5\" data-element_type=\"widget\" data-e-type=\"widget\" data-widget_type=\"text-editor.default\">\n\t\t\t\t<div class=\"elementor-widget-container\">\n\t\t\t\t\t\t\t\t\t<p>The goal with my research was to get an overview and insights into \u2018what is going on the ground\u2019 regarding digital innovation in Icelandic tourism. As in most of the Nordic countries, micro, small and medium-sized tourism businesses are number-wise dominant in the industry. Hence, my aim was to explore how these smaller businesses perceive and understand the current digital development in tourism. For that, I conducted interviews with tourism entrepreneurs all around Iceland. About 25% of my interviews I carried out with tourism entrepreneurs in South Iceland. Having insights into how tourism practitioners understand and implement current trends is an important step towards sustainable tourism development.<\/p>\n<p>The paper is finished and published in the academic journal <a href=\"https:\/\/academica.turistica.si\/index.php\/AT-TIJ\/article\/view\/503\" target=\"_blank\" rel=\"noopener\">Academica Turistica.<\/a><\/p>\n\t\t\t\t\t\t\t\t<\/div>\n\t\t\t\t<\/div>\n\t\t\t\t<div class=\"elementor-element elementor-element-a8d820f sc_fly_static elementor-widget elementor-widget-heading\" data-id=\"a8d820f\" data-element_type=\"widget\" data-e-type=\"widget\" data-widget_type=\"heading.default\">\n\t\t\t\t<div class=\"elementor-widget-container\">\n\t\t\t\t\t<h3 class=\"elementor-heading-title elementor-size-default\">Interesting outcomes<\/h3>\t\t\t\t<\/div>\n\t\t\t\t<\/div>\n\t\t\t\t<section class=\"elementor-section elementor-inner-section elementor-element elementor-element-83b6184 elementor-section-boxed elementor-section-height-default elementor-section-height-default sc_fly_static\" data-id=\"83b6184\" data-element_type=\"section\" data-e-type=\"section\">\n\t\t\t\t\t\t<div class=\"elementor-container elementor-column-gap-extended\">\n\t\t\t\t\t<div class=\"elementor-column elementor-col-50 elementor-inner-column elementor-element elementor-element-dc135ca sc_content_align_inherit sc_layouts_column_icons_position_left sc_fly_static\" data-id=\"dc135ca\" data-element_type=\"column\" data-e-type=\"column\">\n\t\t\t<div class=\"elementor-widget-wrap elementor-element-populated\">\n\t\t\t\t\t\t<div class=\"elementor-element elementor-element-47944db sc_fly_static elementor-widget elementor-widget-image\" data-id=\"47944db\" data-element_type=\"widget\" data-e-type=\"widget\" data-widget_type=\"image.default\">\n\t\t\t\t<div class=\"elementor-widget-container\">\n\t\t\t\t\t\t\t\t\t\t\t\t\t\t\t<img decoding=\"async\" width=\"326\" height=\"302\" src=\"https:\/\/hfsu.is\/wp-content\/uploads\/2023\/12\/Magdalena03.jpg\" class=\"attachment-large size-large wp-image-24197\" alt=\"\" srcset=\"https:\/\/hfsu.is\/wp-content\/uploads\/2023\/12\/Magdalena03.jpg 326w, https:\/\/hfsu.is\/wp-content\/uploads\/2023\/12\/Magdalena03-300x278.jpg 300w\" sizes=\"(max-width: 600px) 100vw, 326px\" \/>\t\t\t\t\t\t\t\t\t\t\t\t\t\t\t<\/div>\n\t\t\t\t<\/div>\n\t\t\t\t\t<\/div>\n\t\t<\/div>\n\t\t\t\t<div class=\"elementor-column elementor-col-50 elementor-inner-column elementor-element elementor-element-ff2b440 sc_content_align_inherit sc_layouts_column_icons_position_left sc_fly_static\" data-id=\"ff2b440\" data-element_type=\"column\" data-e-type=\"column\">\n\t\t\t<div class=\"elementor-widget-wrap elementor-element-populated\">\n\t\t\t\t\t\t<div class=\"elementor-element elementor-element-263fd14 elementor-widget__width-auto sc_fly_static elementor-widget elementor-widget-text-editor\" data-id=\"263fd14\" data-element_type=\"widget\" data-e-type=\"widget\" data-widget_type=\"text-editor.default\">\n\t\t\t\t<div class=\"elementor-widget-container\">\n\t\t\t\t\t\t\t\t\t<p>My research revealed hints that there might be a gap of understanding between tourism practitioners and tourism authorities, which can possibly affect the communication between the stakeholder groups. Tourism entrepreneurs in Iceland do not form a uniform group but consist of a wide range of different types of entrepreneurs with different business intentions. While some of them are motivated by a certain lifestyle, others are driven by economic growth intentions. When exploring if and for whom digital innovation in Icelandic tourism can become valuable, I figured out that mainly those entrepreneurs with growth intentions saw benefits in automation, smart tourism, and digitized service processes in their businesses. The majority of the so-called lifestyle entrepreneurs found more value in making use of digitalization in terms of marketing and advertising, rather than applying digital innovation on site. To get more insights and deeper understanding, further research is needed.<\/p>\n\t\t\t\t\t\t\t\t<\/div>\n\t\t\t\t<\/div>\n\t\t\t\t\t<\/div>\n\t\t<\/div>\n\t\t\t\t\t<\/div>\n\t\t<\/section>\n\t\t\t\t<div class=\"elementor-element elementor-element-6e7e491 sc_fly_static elementor-widget elementor-widget-heading\" data-id=\"6e7e491\" data-element_type=\"widget\" data-e-type=\"widget\" data-widget_type=\"heading.default\">\n\t\t\t\t<div class=\"elementor-widget-container\">\n\t\t\t\t\t<h3 class=\"elementor-heading-title elementor-size-default\">The fund provided important support<\/h3>\t\t\t\t<\/div>\n\t\t\t\t<\/div>\n\t\t\t\t<section class=\"elementor-section elementor-inner-section elementor-element elementor-element-9ff667c elementor-reverse-mobile elementor-section-boxed elementor-section-height-default elementor-section-height-default sc_fly_static\" data-id=\"9ff667c\" data-element_type=\"section\" data-e-type=\"section\">\n\t\t\t\t\t\t<div class=\"elementor-container elementor-column-gap-extended\">\n\t\t\t\t\t<div class=\"elementor-column elementor-col-50 elementor-inner-column elementor-element elementor-element-38f5ea9 sc_content_align_inherit sc_layouts_column_icons_position_left sc_fly_static\" data-id=\"38f5ea9\" data-element_type=\"column\" data-e-type=\"column\">\n\t\t\t<div class=\"elementor-widget-wrap elementor-element-populated\">\n\t\t\t\t\t\t<div class=\"elementor-element elementor-element-ad6e766 sc_fly_static elementor-widget elementor-widget-text-editor\" data-id=\"ad6e766\" data-element_type=\"widget\" data-e-type=\"widget\" data-widget_type=\"text-editor.default\">\n\t\t\t\t<div class=\"elementor-widget-container\">\n\t\t\t\t\t\t\t\t\t<p>I was chosen by the V\u00edsinda- og ranns\u00f3knarsj\u00f3\u00f0ur Su\u00f0urlands in 2019 when I had just started my PhD journey. I had already a rough research plan: I wanted to carry out qualitative research and conduct interviews with rural tourism entrepreneurs in Iceland, to get insights into how tourism practitioners perceive current tourism development in Iceland. Such research is time intense and costly, especially also due to the long distances in rural Iceland. Back then I was self-funded and my research was not yet supported. The V\u00edsinda- og ranns\u00f3knarsj\u00f3\u00f0ur Su\u00f0urlands helped me to kickstart my PhD journey and gather the data that was relevant for the whole further course of my PhD. Thanks to the V\u00edsinda- og ranns\u00f3knarsj\u00f3\u00f0ur Su\u00f0urlands I could mentally arrive in the \u2018research world\u2019, establish networks and set the basic building block of my PhD research.<\/p>\n\t\t\t\t\t\t\t\t<\/div>\n\t\t\t\t<\/div>\n\t\t\t\t\t<\/div>\n\t\t<\/div>\n\t\t\t\t<div class=\"elementor-column elementor-col-50 elementor-inner-column elementor-element elementor-element-c365170 sc_content_align_inherit sc_layouts_column_icons_position_left sc_fly_static\" data-id=\"c365170\" data-element_type=\"column\" data-e-type=\"column\">\n\t\t\t<div class=\"elementor-widget-wrap elementor-element-populated\">\n\t\t\t\t\t\t<div class=\"elementor-element elementor-element-78f4cbb sc_fly_static elementor-widget elementor-widget-image\" data-id=\"78f4cbb\" data-element_type=\"widget\" data-e-type=\"widget\" data-widget_type=\"image.default\">\n\t\t\t\t<div class=\"elementor-widget-container\">\n\t\t\t\t\t\t\t\t\t\t\t\t\t\t\t<img decoding=\"async\" width=\"418\" height=\"313\" src=\"https:\/\/hfsu.is\/wp-content\/uploads\/2023\/12\/Magdalena02.jpg\" class=\"attachment-large size-large wp-image-24196\" alt=\"\" srcset=\"https:\/\/hfsu.is\/wp-content\/uploads\/2023\/12\/Magdalena02.jpg 418w, https:\/\/hfsu.is\/wp-content\/uploads\/2023\/12\/Magdalena02-300x225.jpg 300w, https:\/\/hfsu.is\/wp-content\/uploads\/2023\/12\/Magdalena02-370x277.jpg 370w, https:\/\/hfsu.is\/wp-content\/uploads\/2023\/12\/Magdalena02-410x307.jpg 410w\" sizes=\"(max-width: 600px) 100vw, 418px\" \/>\t\t\t\t\t\t\t\t\t\t\t\t\t\t\t<\/div>\n\t\t\t\t<\/div>\n\t\t\t\t\t<\/div>\n\t\t<\/div>\n\t\t\t\t\t<\/div>\n\t\t<\/section>\n\t\t\t\t\t<\/div>\n\t\t<\/div>\n\t\t\t\t\t<\/div>\n\t\t<\/section>\n\t\t\t\t<\/div>\n\t\t","protected":false},"excerpt":{"rendered":"<p>The Science and Research Fund Dynamics of digital innovation for tourism entrepreneurs in rural Iceland&hellip;<\/p>\n","protected":false},"author":1,"featured_media":23805,"parent":24351,"menu_order":0,"comment_status":"closed","ping_status":"closed","template":"","meta":{"footnotes":""},"class_list":["post-24204","page","type-page","status-publish","has-post-thumbnail","hentry"],"_links":{"self":[{"href":"https:\/\/hfsu.is\/en\/wp-json\/wp\/v2\/pages\/24204","targetHints":{"allow":["GET"]}}],"collection":[{"href":"https:\/\/hfsu.is\/en\/wp-json\/wp\/v2\/pages"}],"about":[{"href":"https:\/\/hfsu.is\/en\/wp-json\/wp\/v2\/types\/page"}],"author":[{"embeddable":true,"href":"https:\/\/hfsu.is\/en\/wp-json\/wp\/v2\/users\/1"}],"replies":[{"embeddable":true,"href":"https:\/\/hfsu.is\/en\/wp-json\/wp\/v2\/comments?post=24204"}],"version-history":[{"count":1,"href":"https:\/\/hfsu.is\/en\/wp-json\/wp\/v2\/pages\/24204\/revisions"}],"predecessor-version":[{"id":25156,"href":"https:\/\/hfsu.is\/en\/wp-json\/wp\/v2\/pages\/24204\/revisions\/25156"}],"up":[{"embeddable":true,"href":"https:\/\/hfsu.is\/en\/wp-json\/wp\/v2\/pages\/24351"}],"wp:featuredmedia":[{"embeddable":true,"href":"https:\/\/hfsu.is\/en\/wp-json\/wp\/v2\/media\/23805"}],"wp:attachment":[{"href":"https:\/\/hfsu.is\/en\/wp-json\/wp\/v2\/media?parent=24204"}],"curies":[{"name":"wp","href":"https:\/\/api.w.org\/{rel}","templated":true}]}}