{"id":24223,"date":"2023-03-27T15:33:52","date_gmt":"2023-03-27T15:33:52","guid":{"rendered":"https:\/\/hfsu.is\/the-science-and-research-fund-of-south-iceland\/scholarship-application\/"},"modified":"2024-01-29T14:05:32","modified_gmt":"2024-01-29T14:05:32","slug":"grant-application","status":"publish","type":"page","link":"https:\/\/hfsu.is\/en\/the-science-and-research-fund-of-south-iceland\/grant-application\/","title":{"rendered":"Grant application"},"content":{"rendered":"\t\t<div data-elementor-type=\"wp-page\" data-elementor-id=\"24223\" class=\"elementor elementor-24223 elementor-22301\">\n\t\t\t\t\t\t<section class=\"elementor-section elementor-top-section elementor-element elementor-element-5c9259f4 elementor-section-boxed elementor-section-height-default elementor-section-height-default sc_fly_static\" data-id=\"5c9259f4\" data-element_type=\"section\" data-e-type=\"section\">\n\t\t\t\t\t\t<div class=\"elementor-container elementor-column-gap-extended\">\n\t\t\t\t\t<div class=\"elementor-column elementor-col-50 elementor-top-column elementor-element elementor-element-7823ce5b sc_content_align_inherit sc_layouts_column_icons_position_left sc_fly_static\" data-id=\"7823ce5b\" data-element_type=\"column\" data-e-type=\"column\">\n\t\t\t<div class=\"elementor-widget-wrap elementor-element-populated\">\n\t\t\t\t\t\t<div class=\"elementor-element elementor-element-729f5c5c sc_fly_static elementor-widget elementor-widget-trx_sc_title\" data-id=\"729f5c5c\" data-element_type=\"widget\" data-e-type=\"widget\" data-widget_type=\"trx_sc_title.default\">\n\t\t\t\t<div class=\"elementor-widget-container\">\n\t\t\t\t\t<div\t\tclass=\"sc_title sc_title_accent\" ><h1 class=\"sc_item_title sc_title_title sc_item_title_style_accent sc_item_title_tag\"\n\t\t\t><span class=\"sc_item_title_text\">Grant application<\/span><\/h1><span class=\"sc_item_subtitle sc_title_subtitle sc_item_subtitle_below sc_item_title_style_accent\">SOUTHERN SCIENCE AND RESEARCH FUND<\/span><\/div>\t\t\t\t<\/div>\n\t\t\t\t<\/div>\n\t\t\t\t\t<\/div>\n\t\t<\/div>\n\t\t\t\t<div class=\"elementor-column elementor-col-50 elementor-top-column elementor-element elementor-element-605117e7 sc_content_align_inherit sc_layouts_column_icons_position_left sc_fly_static\" data-id=\"605117e7\" data-element_type=\"column\" data-e-type=\"column\">\n\t\t\t<div class=\"elementor-widget-wrap elementor-element-populated\">\n\t\t\t\t\t\t<div class=\"elementor-element elementor-element-961b267 elementor-position-inline-start elementor-mobile-position-inline-start elementor-view-default sc_fly_static elementor-widget elementor-widget-icon-box\" data-id=\"961b267\" data-element_type=\"widget\" data-e-type=\"widget\" data-widget_type=\"icon-box.default\">\n\t\t\t\t<div class=\"elementor-widget-container\">\n\t\t\t\t\t\t\t<div class=\"elementor-icon-box-wrapper\">\n\n\t\t\t\t\t\t<div class=\"elementor-icon-box-icon\">\n\t\t\t\t<a href=\"https:\/\/hfsu.is\/en\/the-science-and-research-fund-of-south-iceland\/\" class=\"elementor-icon\" tabindex=\"-1\" aria-label=\"Go back\">\n\t\t\t\t<i aria-hidden=\"true\" class=\"fas fa-arrow-left\"><\/i>\t\t\t\t<\/a>\n\t\t\t<\/div>\n\t\t\t\n\t\t\t\t\t\t<div class=\"elementor-icon-box-content\">\n\n\t\t\t\t\t\t\t\t\t<span class=\"elementor-icon-box-title\">\n\t\t\t\t\t\t<a href=\"https:\/\/hfsu.is\/en\/the-science-and-research-fund-of-south-iceland\/\" >\n\t\t\t\t\t\t\tGo back\t\t\t\t\t\t<\/a>\n\t\t\t\t\t<\/span>\n\t\t\t\t\n\t\t\t\t\n\t\t\t<\/div>\n\t\t\t\n\t\t<\/div>\n\t\t\t\t\t\t<\/div>\n\t\t\t\t<\/div>\n\t\t\t\t\t<\/div>\n\t\t<\/div>\n\t\t\t\t\t<\/div>\n\t\t<\/section>\n\t\t\t\t<section class=\"elementor-section elementor-top-section elementor-element elementor-element-6702e62 elementor-section-boxed elementor-section-height-default elementor-section-height-default sc_fly_static\" data-id=\"6702e62\" data-element_type=\"section\" data-e-type=\"section\">\n\t\t\t\t\t\t<div class=\"elementor-container elementor-column-gap-extended\">\n\t\t\t\t\t<div class=\"elementor-column elementor-col-100 elementor-top-column elementor-element elementor-element-f39969b sc_content_align_inherit sc_layouts_column_icons_position_left sc_fly_static\" data-id=\"f39969b\" data-element_type=\"column\" data-e-type=\"column\">\n\t\t\t<div class=\"elementor-widget-wrap elementor-element-populated\">\n\t\t\t\t\t\t<div class=\"elementor-element elementor-element-3dd32dc sc_fly_static elementor-widget elementor-widget-spacer\" data-id=\"3dd32dc\" data-element_type=\"widget\" data-e-type=\"widget\" data-widget_type=\"spacer.default\">\n\t\t\t\t<div class=\"elementor-widget-container\">\n\t\t\t\t\t\t\t<div class=\"elementor-spacer\">\n\t\t\t<div class=\"elementor-spacer-inner\"><\/div>\n\t\t<\/div>\n\t\t\t\t\t\t<\/div>\n\t\t\t\t<\/div>\n\t\t\t\t\t<\/div>\n\t\t<\/div>\n\t\t\t\t\t<\/div>\n\t\t<\/section>\n\t\t\t\t<section class=\"elementor-section elementor-top-section elementor-element elementor-element-6641874 elementor-section-stretched elementor-section-boxed elementor-section-height-default elementor-section-height-default sc_fly_static\" data-id=\"6641874\" data-element_type=\"section\" data-e-type=\"section\" data-settings=\"{&quot;background_background&quot;:&quot;classic&quot;,&quot;stretch_section&quot;:&quot;section-stretched&quot;}\">\n\t\t\t\t\t\t<div class=\"elementor-container elementor-column-gap-extended\">\n\t\t\t\t\t<div class=\"elementor-column elementor-col-50 elementor-top-column elementor-element elementor-element-518282f sc_content_align_inherit sc_layouts_column_icons_position_left sc_fly_static\" data-id=\"518282f\" data-element_type=\"column\" data-e-type=\"column\" data-settings=\"{&quot;background_background&quot;:&quot;classic&quot;}\">\n\t\t\t<div class=\"elementor-widget-wrap elementor-element-populated\">\n\t\t\t\t\t\t<div class=\"elementor-element elementor-element-4e6e71f sc_fly_static elementor-widget elementor-widget-trx_sc_contact_form_7\" data-id=\"4e6e71f\" data-element_type=\"widget\" data-e-type=\"widget\" data-widget_type=\"trx_sc_contact_form_7.default\">\n\t\t\t\t<div class=\"elementor-widget-container\">\n\t\t\t\t\t\n<div class=\"wpcf7 no-js\" id=\"wpcf7-f24316-o1\" lang=\"en-US\" dir=\"ltr\" data-wpcf7-id=\"24316\">\n<div class=\"screen-reader-response\"><p role=\"status\" aria-live=\"polite\" aria-atomic=\"true\"><\/p> <ul><\/ul><\/div>\n<form action=\"\/en\/wp-json\/wp\/v2\/pages\/24223#wpcf7-f24316-o1\" method=\"post\" class=\"wpcf7-form init\" aria-label=\"Contact form\" enctype=\"multipart\/form-data\" novalidate=\"novalidate\" data-status=\"init\">\n<fieldset class=\"hidden-fields-container\"><input type=\"hidden\" name=\"_wpcf7\" value=\"24316\" \/><input type=\"hidden\" name=\"_wpcf7_version\" value=\"6.1.5\" \/><input type=\"hidden\" name=\"_wpcf7_locale\" value=\"en_US\" \/><input type=\"hidden\" name=\"_wpcf7_unit_tag\" value=\"wpcf7-f24316-o1\" \/><input type=\"hidden\" name=\"_wpcf7_container_post\" value=\"0\" \/><input type=\"hidden\" name=\"_wpcf7_posted_data_hash\" value=\"\" \/><input type=\"hidden\" name=\"_wpcf7cf_hidden_group_fields\" value=\"[]\" \/><input type=\"hidden\" name=\"_wpcf7cf_hidden_groups\" value=\"[]\" \/><input type=\"hidden\" name=\"_wpcf7cf_visible_groups\" value=\"[]\" \/><input type=\"hidden\" name=\"_wpcf7cf_repeaters\" value=\"[]\" \/><input type=\"hidden\" name=\"_wpcf7cf_steps\" value=\"{}\" \/><input type=\"hidden\" name=\"_wpcf7cf_options\" value=\"{&quot;form_id&quot;:24316,&quot;conditions&quot;:[],&quot;settings&quot;:{&quot;animation&quot;:&quot;yes&quot;,&quot;animation_intime&quot;:200,&quot;animation_outtime&quot;:200,&quot;conditions_ui&quot;:&quot;normal&quot;,&quot;notice_dismissed&quot;:false,&quot;notice_dismissed_rollback-cf7-5.9.3&quot;:true}}\" \/><input type=\"hidden\" name=\"_wpcf7_recaptcha_response\" value=\"\" \/>\n<\/fieldset>\n<div class=\"form-style-7 styrktarumsokn\">\n\t<div class=\"columns_wrap\">\n\t\t<h3>About the applicant\n\t\t<\/h3>\n\t\t<div class=\"column-1_3\">\n\t\t\t<p><span class=\"style-line icon-name\"><span class=\"wpcf7-form-control-wrap\" data-name=\"your-name\"><input size=\"40\" maxlength=\"400\" class=\"wpcf7-form-control wpcf7-text wpcf7-validates-as-required\" aria-required=\"true\" aria-invalid=\"false\" placeholder=\"Name\" value=\"\" type=\"text\" name=\"your-name\" \/><\/span><\/span>\n\t\t\t<\/p>\n\t\t<\/div>\n\t\t<div class=\"column-1_3\">\n\t\t\t<p><span class=\"style-line icon-page\"><span class=\"wpcf7-form-control-wrap\" data-name=\"your-kennitala\"><input size=\"40\" maxlength=\"400\" class=\"wpcf7-form-control wpcf7-text wpcf7-validates-as-required\" aria-required=\"true\" aria-invalid=\"false\" placeholder=\"Kennitala (if applicable)\" value=\"\" type=\"text\" name=\"your-kennitala\" \/><\/span><\/span>\n\t\t\t<\/p>\n\t\t<\/div>\n\t\t<div class=\"column-1_3\">\n\t\t\t<p><span class=\"style-line icon-email\"><span class=\"wpcf7-form-control-wrap\" data-name=\"your-email\"><input size=\"40\" maxlength=\"400\" class=\"wpcf7-form-control wpcf7-email wpcf7-validates-as-required wpcf7-text wpcf7-validates-as-email\" aria-required=\"true\" aria-invalid=\"false\" placeholder=\"Email\" value=\"\" type=\"email\" name=\"your-email\" \/><\/span><\/span>\n\t\t\t<\/p>\n\t\t<\/div>\n\t\t<div style=\"clear-both\">\n\t\t<\/div>\n\t\t<div class=\"column-1_3\">\n\t\t\t<p><span style=\"display: block;margin-top: 10px;\">What degree is the project aiming for?<\/span>\n\t\t\t<\/p>\n\t\t<\/div>\n\t\t<div class=\"column-1_3\">\n\t\t\t<p><span class=\"style-line\"><span class=\"wpcf7-form-control-wrap\" data-name=\"your-grada\"><select class=\"wpcf7-form-control wpcf7-select wpcf7-validates-as-required\" aria-required=\"true\" aria-invalid=\"false\" name=\"your-grada\"><option value=\"\">&#8212;Please choose an option&#8212;<\/option><option value=\"BA\/BS\">BA\/BS<\/option><option value=\"Masters\">Masters<\/option><option value=\"PhD\">PhD<\/option><option value=\"Other\">Other<\/option><\/select><\/span><\/span>\n\t\t\t<\/p>\n\t\t<\/div>\n\t\t<div class=\"column-1_3\">\n\t\t<\/div>\n\t\t<div class=\"column-1_1\">\n\t\t\t<p><span class=\"style-line icon-building\"><span class=\"wpcf7-form-control-wrap\" data-name=\"your-school\"><input size=\"40\" maxlength=\"400\" class=\"wpcf7-form-control wpcf7-text wpcf7-validates-as-required\" aria-required=\"true\" aria-invalid=\"false\" placeholder=\"What university is overseeing the research\/project?\" value=\"\" type=\"text\" name=\"your-school\" \/><\/span><\/span>\n\t\t\t<\/p>\n\t\t<\/div>\n\t\t<div class=\"column-1_1\">\n\t\t\t<p><span class=\"style-line icon-user\"><span class=\"wpcf7-form-control-wrap\" data-name=\"your-leidbeinandi\"><input size=\"40\" maxlength=\"400\" class=\"wpcf7-form-control wpcf7-text wpcf7-validates-as-required\" aria-required=\"true\" aria-invalid=\"false\" placeholder=\"Main supervisor of project\" value=\"\" type=\"text\" name=\"your-leidbeinandi\" \/><\/span><\/span>\n\t\t\t<\/p>\n\t\t<\/div>\n\t\t<h3>About the project\n\t\t<\/h3>\n\t\t<div class=\"column-1_1\">\n\t\t\t<p style=\"margin-bottom: 30px;\">Detailed description about the project:\n\t\t\t<\/p>\n\t\t\t<p><span class=\"style-line icon-textarea\"><span class=\"wpcf7-form-control-wrap\" data-name=\"itarleg_lysing\"><textarea cols=\"40\" rows=\"10\" maxlength=\"2000\" class=\"wpcf7-form-control wpcf7-textarea wpcf7-validates-as-required\" aria-required=\"true\" aria-invalid=\"false\" placeholder=\"Text\" name=\"itarleg_lysing\"><\/textarea><\/span><\/span><br \/>\n<span style=\"float:right;font-size:12px;padding:15px;\"><i><span class=\"wpcf7-character-count down\" data-target-name=\"itarleg_lysing\" data-starting-value=\"2000\" data-current-value=\"2000\" data-maximum-value=\"2000\">2000<\/span> letters left.<\/i><\/span>\n\t\t\t<\/p>\n\t\t<\/div>\n\t\t<div class=\"column-1_1\">\n\t\t\t<p style=\"margin-bottom: 30px;\">How is the project related to South Iceland?\n\t\t\t<\/p>\n\t\t\t<p><span class=\"style-line icon-textarea\"><span class=\"wpcf7-form-control-wrap\" data-name=\"tengsl_sudurland\"><textarea cols=\"40\" rows=\"10\" maxlength=\"2000\" class=\"wpcf7-form-control wpcf7-textarea wpcf7-validates-as-required\" aria-required=\"true\" aria-invalid=\"false\" placeholder=\"Text\" name=\"tengsl_sudurland\"><\/textarea><\/span><\/span><br \/>\n<span style=\"float:right;font-size:12px;padding:15px;\"><i><span class=\"wpcf7-character-count down\" data-target-name=\"tengsl_sudurland\" data-starting-value=\"2000\" data-current-value=\"2000\" data-maximum-value=\"2000\">2000<\/span> letters left.<\/i><\/span>\n\t\t\t<\/p>\n\t\t<\/div>\n\t\t<div class=\"column-1_1\">\n\t\t\t<p style=\"margin-bottom: 30px;\">How will its results benefit Southerners:\n\t\t\t<\/p>\n\t\t\t<p><span class=\"style-line icon-textarea\"><span class=\"wpcf7-form-control-wrap\" data-name=\"gagn_nidurstadna\"><textarea cols=\"40\" rows=\"10\" maxlength=\"2000\" class=\"wpcf7-form-control wpcf7-textarea wpcf7-validates-as-required\" aria-required=\"true\" aria-invalid=\"false\" placeholder=\"Text\" name=\"gagn_nidurstadna\"><\/textarea><\/span><\/span><br \/>\n<span style=\"float:right;font-size:12px;padding:15px;\"><i><span class=\"wpcf7-character-count down\" data-target-name=\"gagn_nidurstadna\" data-starting-value=\"2000\" data-current-value=\"2000\" data-maximum-value=\"2000\">2000<\/span> letters left.<\/i><\/span>\n\t\t\t<\/p>\n\t\t<\/div>\n\t\t<div class=\"column-1_1\">\n\t\t\t<p style=\"margin-bottom: 30px;\">Detailed description of project implementation :\n\t\t\t<\/p>\n\t\t\t<p><span class=\"style-line icon-textarea\"><span class=\"wpcf7-form-control-wrap\" data-name=\"verkaaetlun\"><textarea cols=\"40\" rows=\"10\" maxlength=\"2000\" class=\"wpcf7-form-control wpcf7-textarea wpcf7-validates-as-required\" aria-required=\"true\" aria-invalid=\"false\" placeholder=\"Text\" name=\"verkaaetlun\"><\/textarea><\/span><\/span><br \/>\n<span style=\"float:right;font-size:12px;padding:15px;\"><i><span class=\"wpcf7-character-count down\" data-target-name=\"verkaaetlun\" data-starting-value=\"2000\" data-current-value=\"2000\" data-maximum-value=\"2000\">2000<\/span> letters left.<\/i><\/span>\n\t\t\t<\/p>\n\t\t<\/div>\n\t\t<h3>Accompanying documents\n\t\t<\/h3>\n\t\t<p style=\"margin-bottom: 30px;\">The maximum file size is 3Mb. Only .pdf, .doc, .docx and .txt documents are allowed.\n\t\t<\/p>\n\t\t<div class=\"column-1_3\">\n\t\t\t<p><span class=\"wpcf7-form-control-wrap\" data-name=\"fylgiskjol\"><input size=\"40\" class=\"wpcf7-form-control wpcf7-file\" accept=\".pdf,.doc,.docx,.txt\" aria-invalid=\"false\" type=\"file\" name=\"fylgiskjol\" \/><\/span>\n\t\t\t<\/p>\n\t\t<\/div>\n\t\t<div class=\"column-1_3\">\n\t\t\t<p><span class=\"wpcf7-form-control-wrap\" data-name=\"fylgiskjol2\"><input size=\"40\" class=\"wpcf7-form-control wpcf7-file\" accept=\".pdf,.doc,.docx,.txt\" aria-invalid=\"false\" type=\"file\" name=\"fylgiskjol2\" \/><\/span>\n\t\t\t<\/p>\n\t\t<\/div>\n\t\t<div class=\"column-1_3\">\n\t\t\t<p><span class=\"wpcf7-form-control-wrap\" data-name=\"fylgiskjol3\"><input size=\"40\" class=\"wpcf7-form-control wpcf7-file\" accept=\".pdf,.doc,.docx,.txt\" aria-invalid=\"false\" type=\"file\" name=\"fylgiskjol3\" \/><\/span>\n\t\t\t<\/p>\n\t\t<\/div>\n\t\t<div class=\"column-1_1\">\n\t\t\t<p><span class=\"wpcf7-form-control-wrap\" data-name=\"acceptance2\"><span class=\"wpcf7-form-control wpcf7-acceptance\"><span class=\"wpcf7-list-item\"><label><input type=\"checkbox\" name=\"acceptance2\" value=\"1\" aria-invalid=\"false\" \/><span class=\"wpcf7-list-item-label\">The beneficiary agrees to submit a summary of the project which can be published on the website of the University Centre of South Iceland.<\/span><\/label><\/span><\/span><\/span>\n\t\t\t<\/p>\n\t\t<\/div>\n\t\t<p style=\"margin-bottom: 30px;\"><b>NOTE If the confirmed receipt of an application has not been received within three days by email, please contact hfsu@hfsu.is<\/b>\n\t\t<\/p>\n\t<\/div>\n\t<p><input class=\"wpcf7-form-control wpcf7-submit has-spinner\" type=\"submit\" value=\"Send application\" \/>\n\t<\/p>\n<\/div><div class=\"wpcf7-response-output\" aria-hidden=\"true\"><\/div>\n<\/form>\n<\/div>\n\t\t\t\t<\/div>\n\t\t\t\t<\/div>\n\t\t\t\t\t<\/div>\n\t\t<\/div>\n\t\t\t\t<div class=\"elementor-column elementor-col-50 elementor-top-column elementor-element elementor-element-4ee97f1 sc_content_align_inherit sc_layouts_column_icons_position_left sc_fly_static\" data-id=\"4ee97f1\" data-element_type=\"column\" data-e-type=\"column\" data-settings=\"{&quot;background_background&quot;:&quot;classic&quot;}\">\n\t\t\t<div class=\"elementor-widget-wrap\">\n\t\t\t\t\t\t\t<\/div>\n\t\t<\/div>\n\t\t\t\t\t<\/div>\n\t\t<\/section>\n\t\t\t\t<\/div>\n\t\t","protected":false},"excerpt":{"rendered":"<p>Grant application SOUTHERN SCIENCE AND RESEARCH FUND Go back Um ums\u00e6kjanda Hva\u00f0a pr\u00f3fgr\u00e1\u00f0u er stefnt&hellip;<\/p>\n","protected":false},"author":1,"featured_media":0,"parent":24198,"menu_order":0,"comment_status":"closed","ping_status":"closed","template":"","meta":{"footnotes":""},"class_list":["post-24223","page","type-page","status-publish","hentry"],"_links":{"self":[{"href":"https:\/\/hfsu.is\/en\/wp-json\/wp\/v2\/pages\/24223","targetHints":{"allow":["GET"]}}],"collection":[{"href":"https:\/\/hfsu.is\/en\/wp-json\/wp\/v2\/pages"}],"about":[{"href":"https:\/\/hfsu.is\/en\/wp-json\/wp\/v2\/types\/page"}],"author":[{"embeddable":true,"href":"https:\/\/hfsu.is\/en\/wp-json\/wp\/v2\/users\/1"}],"replies":[{"embeddable":true,"href":"https:\/\/hfsu.is\/en\/wp-json\/wp\/v2\/comments?post=24223"}],"version-history":[{"count":4,"href":"https:\/\/hfsu.is\/en\/wp-json\/wp\/v2\/pages\/24223\/revisions"}],"predecessor-version":[{"id":25152,"href":"https:\/\/hfsu.is\/en\/wp-json\/wp\/v2\/pages\/24223\/revisions\/25152"}],"up":[{"embeddable":true,"href":"https:\/\/hfsu.is\/en\/wp-json\/wp\/v2\/pages\/24198"}],"wp:attachment":[{"href":"https:\/\/hfsu.is\/en\/wp-json\/wp\/v2\/media?parent=24223"}],"curies":[{"name":"wp","href":"https:\/\/api.w.org\/{rel}","templated":true}]}}