{"id":24907,"date":"2022-08-12T10:30:45","date_gmt":"2022-08-12T10:30:45","guid":{"rendered":"https:\/\/hfsu.is\/education-movitation\/"},"modified":"2024-03-07T20:58:37","modified_gmt":"2024-03-07T20:58:37","slug":"education-movitation","status":"publish","type":"page","link":"https:\/\/hfsu.is\/en\/education-movitation\/","title":{"rendered":"Education Motivation (Menntahv\u00f6t project)"},"content":{"rendered":"\t\t<div data-elementor-type=\"wp-page\" data-elementor-id=\"24907\" class=\"elementor elementor-24907 elementor-19343\">\n\t\t\t\t\t\t<section class=\"elementor-section elementor-top-section elementor-element elementor-element-1d26ddc elementor-section-boxed elementor-section-height-default elementor-section-height-default sc_fly_static\" data-id=\"1d26ddc\" data-element_type=\"section\" data-e-type=\"section\">\n\t\t\t\t\t\t<div class=\"elementor-container elementor-column-gap-extended\">\n\t\t\t\t\t<div class=\"elementor-column elementor-col-100 elementor-top-column elementor-element elementor-element-427363a sc_content_align_inherit sc_layouts_column_icons_position_left sc_fly_static\" data-id=\"427363a\" data-element_type=\"column\" data-e-type=\"column\">\n\t\t\t<div class=\"elementor-widget-wrap elementor-element-populated\">\n\t\t\t\t\t\t<div class=\"elementor-element elementor-element-d2e3d41 sc_fly_static elementor-widget elementor-widget-trx_sc_title\" data-id=\"d2e3d41\" data-element_type=\"widget\" data-e-type=\"widget\" data-widget_type=\"trx_sc_title.default\">\n\t\t\t\t<div class=\"elementor-widget-container\">\n\t\t\t\t\t<div\t\tclass=\"sc_title sc_title_accent\" ><h1 class=\"sc_item_title sc_title_title sc_item_title_style_accent sc_item_title_tag\"\n\t\t\t><span class=\"sc_item_title_text\">Education Motivation (Menntahv\u00f6t project)<\/span><\/h1><span class=\"sc_item_subtitle sc_title_subtitle sc_item_subtitle_below sc_item_title_style_accent\">encouragement for increased study in the South<\/span><\/div>\t\t\t\t<\/div>\n\t\t\t\t<\/div>\n\t\t\t\t\t<\/div>\n\t\t<\/div>\n\t\t\t\t\t<\/div>\n\t\t<\/section>\n\t\t\t\t<section class=\"elementor-section elementor-top-section elementor-element elementor-element-0e7207f elementor-section-boxed elementor-section-height-default elementor-section-height-default sc_fly_static\" data-id=\"0e7207f\" data-element_type=\"section\" data-e-type=\"section\">\n\t\t\t\t\t\t<div class=\"elementor-container elementor-column-gap-extended\">\n\t\t\t\t\t<div class=\"elementor-column elementor-col-100 elementor-top-column elementor-element elementor-element-fb46a89 sc_content_align_inherit sc_layouts_column_icons_position_left sc_fly_static\" data-id=\"fb46a89\" data-element_type=\"column\" data-e-type=\"column\">\n\t\t\t<div class=\"elementor-widget-wrap elementor-element-populated\">\n\t\t\t\t\t\t<div class=\"elementor-element elementor-element-e78ec37 sc_fly_static elementor-widget elementor-widget-spacer\" data-id=\"e78ec37\" data-element_type=\"widget\" data-e-type=\"widget\" data-widget_type=\"spacer.default\">\n\t\t\t\t<div class=\"elementor-widget-container\">\n\t\t\t\t\t\t\t<div class=\"elementor-spacer\">\n\t\t\t<div class=\"elementor-spacer-inner\"><\/div>\n\t\t<\/div>\n\t\t\t\t\t\t<\/div>\n\t\t\t\t<\/div>\n\t\t\t\t\t<\/div>\n\t\t<\/div>\n\t\t\t\t\t<\/div>\n\t\t<\/section>\n\t\t\t\t<section class=\"elementor-section elementor-top-section elementor-element elementor-element-b41e157 elementor-section-boxed elementor-section-height-default elementor-section-height-default sc_fly_static\" data-id=\"b41e157\" data-element_type=\"section\" data-e-type=\"section\">\n\t\t\t\t\t\t<div class=\"elementor-container elementor-column-gap-extended\">\n\t\t\t\t\t<div class=\"elementor-column elementor-col-50 elementor-top-column elementor-element elementor-element-cd2881b sc_content_align_inherit sc_layouts_column_icons_position_left sc_fly_static\" data-id=\"cd2881b\" data-element_type=\"column\" data-e-type=\"column\">\n\t\t\t<div class=\"elementor-widget-wrap elementor-element-populated\">\n\t\t\t\t\t\t<div class=\"elementor-element elementor-element-b88cc40 sc_fly_static elementor-widget elementor-widget-heading\" data-id=\"b88cc40\" data-element_type=\"widget\" data-e-type=\"widget\" data-widget_type=\"heading.default\">\n\t\t\t\t<div class=\"elementor-widget-container\">\n\t\t\t\t\t<h4 class=\"elementor-heading-title elementor-size-default\">The project Menntahv\u00f6t (Education Motivation) is one of the priority projects (\u00e1hersluverkefni) of South Iceland\u00b4s Action Plan (S\u00f3knar\u00e1\u00e6tlun Su\u00f0urlands), which aims to raise the level of education in the region by 5% by 2025.<\/h4>\t\t\t\t<\/div>\n\t\t\t\t<\/div>\n\t\t\t\t<div class=\"elementor-element elementor-element-358515c sc_fly_static elementor-widget elementor-widget-text-editor\" data-id=\"358515c\" data-element_type=\"widget\" data-e-type=\"widget\" data-widget_type=\"text-editor.default\">\n\t\t\t\t<div class=\"elementor-widget-container\">\n\t\t\t\t\t\t\t\t\t<p>The project is intended to encourage learning by promoting education opportunities, among others, that are available, with emphasis on distance learning and flexible learning that can be pursued outside the walls of traditional educational institutions, whether it is secondary school or university studies and\/or general courses of various kinds.<\/p>\n<p>In the South, continuous support is available for all kinds of flexible learning, from the curriculum offered by the educational centers (Fr\u00e6\u00f0slunet Su\u00f0urlands and Viska), to remote learning in secondary schools, along with flexible learning in the universities. Exam services for distant learning students are offered all over South Iceland, as well as access to study centers.<\/p>\n\t\t\t\t\t\t\t\t<\/div>\n\t\t\t\t<\/div>\n\t\t\t\t\t<\/div>\n\t\t<\/div>\n\t\t\t\t<div class=\"elementor-column elementor-col-50 elementor-top-column elementor-element elementor-element-4c37ada sc_content_align_inherit sc_layouts_column_icons_position_left sc_fly_static\" data-id=\"4c37ada\" data-element_type=\"column\" data-e-type=\"column\">\n\t\t\t<div class=\"elementor-widget-wrap elementor-element-populated\">\n\t\t\t\t\t\t<div class=\"elementor-element elementor-element-f7c963a sc_fly_static elementor-widget elementor-widget-image\" data-id=\"f7c963a\" data-element_type=\"widget\" data-e-type=\"widget\" data-widget_type=\"image.default\">\n\t\t\t\t<div class=\"elementor-widget-container\">\n\t\t\t\t\t\t\t\t\t\t\t\t\t\t\t<img fetchpriority=\"high\" decoding=\"async\" width=\"600\" height=\"430\" src=\"https:\/\/hfsu.is\/wp-content\/uploads\/2022\/08\/Menntahvot_elements-RGB_Logo-Blatt.png\" class=\"attachment-large size-large wp-image-23706\" alt=\"\" srcset=\"https:\/\/hfsu.is\/wp-content\/uploads\/2022\/08\/Menntahvot_elements-RGB_Logo-Blatt.png 600w, https:\/\/hfsu.is\/wp-content\/uploads\/2022\/08\/Menntahvot_elements-RGB_Logo-Blatt-300x215.png 300w, https:\/\/hfsu.is\/wp-content\/uploads\/2022\/08\/Menntahvot_elements-RGB_Logo-Blatt-370x265.png 370w, https:\/\/hfsu.is\/wp-content\/uploads\/2022\/08\/Menntahvot_elements-RGB_Logo-Blatt-410x294.png 410w\" sizes=\"(max-width: 600px) 100vw, 600px\" \/>\t\t\t\t\t\t\t\t\t\t\t\t\t\t\t<\/div>\n\t\t\t\t<\/div>\n\t\t\t\t\t<\/div>\n\t\t<\/div>\n\t\t\t\t\t<\/div>\n\t\t<\/section>\n\t\t\t\t<section class=\"elementor-section elementor-top-section elementor-element elementor-element-7c487a5 elementor-section-boxed elementor-section-height-default elementor-section-height-default sc_fly_static\" data-id=\"7c487a5\" data-element_type=\"section\" data-e-type=\"section\">\n\t\t\t\t\t\t<div class=\"elementor-container elementor-column-gap-extended\">\n\t\t\t\t\t<div class=\"elementor-column elementor-col-100 elementor-top-column elementor-element elementor-element-7222fef sc_content_align_inherit sc_layouts_column_icons_position_left sc_fly_static\" data-id=\"7222fef\" data-element_type=\"column\" data-e-type=\"column\">\n\t\t\t<div class=\"elementor-widget-wrap elementor-element-populated\">\n\t\t\t\t\t\t<div class=\"elementor-element elementor-element-9071a45 sc_fly_static elementor-widget elementor-widget-spacer\" data-id=\"9071a45\" data-element_type=\"widget\" data-e-type=\"widget\" data-widget_type=\"spacer.default\">\n\t\t\t\t<div class=\"elementor-widget-container\">\n\t\t\t\t\t\t\t<div class=\"elementor-spacer\">\n\t\t\t<div class=\"elementor-spacer-inner\"><\/div>\n\t\t<\/div>\n\t\t\t\t\t\t<\/div>\n\t\t\t\t<\/div>\n\t\t\t\t\t<\/div>\n\t\t<\/div>\n\t\t\t\t\t<\/div>\n\t\t<\/section>\n\t\t\t\t<section class=\"elementor-section elementor-top-section elementor-element elementor-element-a1bdb22 elementor-section-stretched elementor-section-boxed elementor-section-height-default elementor-section-height-default sc_fly_static\" data-id=\"a1bdb22\" data-element_type=\"section\" data-e-type=\"section\" id=\"fjarnamsleidir\" data-settings=\"{&quot;stretch_section&quot;:&quot;section-stretched&quot;,&quot;background_background&quot;:&quot;classic&quot;}\">\n\t\t\t\t\t\t<div class=\"elementor-container elementor-column-gap-extended\">\n\t\t\t\t\t<div class=\"elementor-column elementor-col-100 elementor-top-column elementor-element elementor-element-e8e6e83 sc_content_align_inherit sc_layouts_column_icons_position_left sc_fly_static\" data-id=\"e8e6e83\" data-element_type=\"column\" data-e-type=\"column\">\n\t\t\t<div class=\"elementor-widget-wrap elementor-element-populated\">\n\t\t\t\t\t\t<div class=\"elementor-element elementor-element-6f9423f sc_fly_static elementor-widget elementor-widget-heading\" data-id=\"6f9423f\" data-element_type=\"widget\" data-e-type=\"widget\" data-widget_type=\"heading.default\">\n\t\t\t\t<div class=\"elementor-widget-container\">\n\t\t\t\t\t<h3 class=\"elementor-heading-title elementor-size-default\">Distance learning options<\/h3>\t\t\t\t<\/div>\n\t\t\t\t<\/div>\n\t\t\t\t<div class=\"elementor-element elementor-element-8438d5e sc_fly_static elementor-widget elementor-widget-spacer\" data-id=\"8438d5e\" data-element_type=\"widget\" data-e-type=\"widget\" data-widget_type=\"spacer.default\">\n\t\t\t\t<div class=\"elementor-widget-container\">\n\t\t\t\t\t\t\t<div class=\"elementor-spacer\">\n\t\t\t<div class=\"elementor-spacer-inner\"><\/div>\n\t\t<\/div>\n\t\t\t\t\t\t<\/div>\n\t\t\t\t<\/div>\n\t\t\t\t<div class=\"elementor-element elementor-element-b32ab0f sc_fly_static elementor-widget elementor-widget-trx_sc_icons\" data-id=\"b32ab0f\" data-element_type=\"widget\" data-e-type=\"widget\" data-widget_type=\"trx_sc_icons.default\">\n\t\t\t\t<div class=\"elementor-widget-container\">\n\t\t\t\t\t<div \tclass=\"sc_icons sc_icons_decoration sc_icons_size_large sc_align_center\" ><div class=\"sc_icons_columns_wrap sc_item_columns trx_addons_columns_wrap columns_padding_bottom columns_in_single_row\" ><div class=\"trx_addons_column-1_4 trx_addons_column-1_2-tablet\"><div class=\"sc_icons_item sc_icons_item_linked with_more\"><div class=\"sc_icons_image\" ><img decoding=\"async\" src=\"\/\/hfsu.is\/wp-content\/uploads\/2022\/08\/icon-fjarnam2.png\" alt=\"Icon\" width=\"129\" height=\"127\"><\/div><div class=\"sc_icons_item_details\"><h4 class=\"sc_icons_item_title\"><a href=\"https:\/\/hfsu.is\/en\/education-movitation\/distance-learning-at-secondary-school-level\/\">\n                                    Distance learning at secondary school level                                    <\/a><\/h4><div class=\"sc_icons_item_description\"><span>The following list is an overview of the secondary schools that offer distance learning and\/or flexible learning for final exams...<\/span><\/div><a href=\"https:\/\/hfsu.is\/en\/education-movitation\/distance-learning-at-secondary-school-level\/\" class=\"sc_icons_item_more_link\">\n                        <span class=\"link_text\">Lesa meira<\/span><span class=\"link_icon\"><\/span>\n                        <\/a><a href=\"https:\/\/hfsu.is\/en\/education-movitation\/distance-learning-at-secondary-school-level\/\"\n                        class=\"sc_icons_item_link\">\n                        <\/a><\/div><\/div><\/div><div class=\"trx_addons_column-1_4 trx_addons_column-1_2-tablet\"><div class=\"sc_icons_item sc_icons_item_linked with_more\"><div class=\"sc_icons_image\" ><img decoding=\"async\" src=\"\/\/hfsu.is\/wp-content\/uploads\/2022\/08\/icon-fjarnamhas2.png\" alt=\"Icon\" width=\"127\" height=\"127\"><\/div><div class=\"sc_icons_item_details\"><h4 class=\"sc_icons_item_title\"><a href=\"https:\/\/hfsu.is\/en\/education-movitation\/distance-learning-at-university-level\/\">\n                                    Distance learning at university level                                    <\/a><\/h4><div class=\"sc_icons_item_description\"><span>The following list is an overview of Icelandic universities that offer distance learning and\/or flexible learning for final exams...<\/span><\/div><a href=\"https:\/\/hfsu.is\/en\/education-movitation\/distance-learning-at-university-level\/\" class=\"sc_icons_item_more_link\">\n                        <span class=\"link_text\">Lesa meira<\/span><span class=\"link_icon\"><\/span>\n                        <\/a><a href=\"https:\/\/hfsu.is\/en\/education-movitation\/distance-learning-at-university-level\/\"\n                        class=\"sc_icons_item_link\">\n                        <\/a><\/div><\/div><\/div><div class=\"trx_addons_column-1_4 trx_addons_column-1_2-tablet\"><div class=\"sc_icons_item sc_icons_item_linked with_more\"><div class=\"sc_icons_image\" ><img loading=\"lazy\" decoding=\"async\" src=\"\/\/hfsu.is\/wp-content\/uploads\/2022\/08\/icon-adfaranam2.png\" alt=\"Icon\" width=\"128\" height=\"127\"><\/div><div class=\"sc_icons_item_details\"><h4 class=\"sc_icons_item_title\"><a href=\"https:\/\/hfsu.is\/en\/education-movitation\/preparatory-studies-to-universities\/\">\n                                    Preparatory studies to universities                                    <\/a><\/h4><div class=\"sc_icons_item_description\"><span>A matriculation degree is generally a university entrance requirement, but three universities have defined a special supplementary course...<\/span><\/div><a href=\"https:\/\/hfsu.is\/en\/education-movitation\/preparatory-studies-to-universities\/\" class=\"sc_icons_item_more_link\">\n                        <span class=\"link_text\">Lesa meira<\/span><span class=\"link_icon\"><\/span>\n                        <\/a><a href=\"https:\/\/hfsu.is\/en\/education-movitation\/preparatory-studies-to-universities\/\"\n                        class=\"sc_icons_item_link\">\n                        <\/a><\/div><\/div><\/div><div class=\"trx_addons_column-1_4 trx_addons_column-1_2-tablet\"><div class=\"sc_icons_item sc_icons_item_linked with_more\"><div class=\"sc_icons_image\" ><img loading=\"lazy\" decoding=\"async\" src=\"\/\/hfsu.is\/wp-content\/uploads\/2022\/08\/icon-annadnam2.png\" alt=\"Icon\" width=\"126\" height=\"127\"><\/div><div class=\"sc_icons_item_details\"><h4 class=\"sc_icons_item_title\"><a href=\"https:\/\/hfsu.is\/en\/education-movitation\/other-flexible-learning\/\">\n                                    Other flexible learning                                    <\/a><\/h4><div class=\"sc_icons_item_description\"><span>There is a wide range of courses that can be taken online.<\/span><\/div><a href=\"https:\/\/hfsu.is\/en\/education-movitation\/other-flexible-learning\/\" class=\"sc_icons_item_more_link\">\n                        <span class=\"link_text\">Lesa meira<\/span><span class=\"link_icon\"><\/span>\n                        <\/a><a href=\"https:\/\/hfsu.is\/en\/education-movitation\/other-flexible-learning\/\"\n                        class=\"sc_icons_item_link\">\n                        <\/a><\/div><\/div><\/div><\/div><\/div><!-- \/.sc_icons -->\t\t\t\t<\/div>\n\t\t\t\t<\/div>\n\t\t\t\t\t<\/div>\n\t\t<\/div>\n\t\t\t\t\t<\/div>\n\t\t<\/section>\n\t\t\t\t<section class=\"elementor-section elementor-top-section elementor-element elementor-element-0e05073 elementor-section-boxed elementor-section-height-default elementor-section-height-default sc_fly_static\" data-id=\"0e05073\" data-element_type=\"section\" data-e-type=\"section\" data-settings=\"{&quot;background_background&quot;:&quot;classic&quot;}\">\n\t\t\t\t\t\t<div class=\"elementor-container elementor-column-gap-extended\">\n\t\t\t\t\t<div class=\"elementor-column elementor-col-100 elementor-top-column elementor-element elementor-element-703b66b sc_content_align_inherit sc_layouts_column_icons_position_left sc_fly_static\" data-id=\"703b66b\" data-element_type=\"column\" data-e-type=\"column\">\n\t\t\t<div class=\"elementor-widget-wrap elementor-element-populated\">\n\t\t\t\t\t\t<div class=\"elementor-element elementor-element-d8d2434 sc_fly_static elementor-widget elementor-widget-heading\" data-id=\"d8d2434\" data-element_type=\"widget\" data-e-type=\"widget\" data-widget_type=\"heading.default\">\n\t\t\t\t<div class=\"elementor-widget-container\">\n\t\t\t\t\t<h3 class=\"elementor-heading-title elementor-size-default\">Study in the South<\/h3>\t\t\t\t<\/div>\n\t\t\t\t<\/div>\n\t\t\t\t<div class=\"elementor-element elementor-element-a5aa121 sc_fly_static elementor-widget elementor-widget-spacer\" data-id=\"a5aa121\" data-element_type=\"widget\" data-e-type=\"widget\" data-widget_type=\"spacer.default\">\n\t\t\t\t<div class=\"elementor-widget-container\">\n\t\t\t\t\t\t\t<div class=\"elementor-spacer\">\n\t\t\t<div class=\"elementor-spacer-inner\"><\/div>\n\t\t<\/div>\n\t\t\t\t\t\t<\/div>\n\t\t\t\t<\/div>\n\t\t\t\t<div class=\"elementor-element elementor-element-cf41e36 sc_fly_static elementor-widget elementor-widget-trx_sc_icons\" data-id=\"cf41e36\" data-element_type=\"widget\" data-e-type=\"widget\" data-widget_type=\"trx_sc_icons.default\">\n\t\t\t\t<div class=\"elementor-widget-container\">\n\t\t\t\t\t<div \tclass=\"sc_icons sc_icons_divider sc_icons_size_small sc_align_center\" ><div class=\"sc_icons_columns_wrap sc_item_columns trx_addons_columns_wrap columns_padding_bottom\" ><div class=\"trx_addons_column-1_4 trx_addons_column-1_2-tablet\"><div class=\"sc_icons_item sc_icons_item_linked with_more\"><div class=\"sc_icons_image\" ><img loading=\"lazy\" decoding=\"async\" src=\"\/\/hfsu.is\/wp-content\/uploads\/2022\/08\/04f6c1_304b5ea5010e4fde9b93b5e4af80ef25_mv2-410x230.jpg\" alt=\"Icon\" width=\"410\" height=\"230\"><\/div><div class=\"sc_icons_item_details\"><h4 class=\"sc_icons_item_title\"><a href=\"https:\/\/hfsu.is\/en\/education-movitation\/study-in-the-south\/#kirkjubaejarstofa\">\n                                    Kirkjub\u00e6jarklaustur - Kirkjub\u00e6jarstofa (Culture and Knowledge Center)                                    <\/a><\/h4><a href=\"https:\/\/hfsu.is\/en\/education-movitation\/study-in-the-south\/#kirkjubaejarstofa\" class=\"sc_icons_item_more_link\">\n                        <span class=\"link_text\">Lesa meira<\/span><span class=\"link_icon\"><\/span>\n                        <\/a><a href=\"https:\/\/hfsu.is\/en\/education-movitation\/study-in-the-south\/#kirkjubaejarstofa\"\n                        class=\"sc_icons_item_link\">\n                        <\/a><\/div><\/div><\/div><div class=\"trx_addons_column-1_4 trx_addons_column-1_2-tablet\"><div class=\"sc_icons_item sc_icons_item_linked with_more\"><div class=\"sc_icons_image\" ><img loading=\"lazy\" decoding=\"async\" src=\"\/\/hfsu.is\/wp-content\/uploads\/2022\/08\/04f6c1_cf9869a95b8a4406bfad2ac08f85b946_mv2-410x230.webp\" alt=\"Icon\" width=\"410\" height=\"230\"><\/div><div class=\"sc_icons_item_details\"><h4 class=\"sc_icons_item_title\"><a href=\"https:\/\/hfsu.is\/en\/education-movitation\/study-in-the-south\/#midjan\">\n                                    Hella - Mi\u00f0jan (Shopping and service centre)                                    <\/a><\/h4><a href=\"https:\/\/hfsu.is\/en\/education-movitation\/study-in-the-south\/#midjan\" class=\"sc_icons_item_more_link\">\n                        <span class=\"link_text\">Lesa meira<\/span><span class=\"link_icon\"><\/span>\n                        <\/a><a href=\"https:\/\/hfsu.is\/en\/education-movitation\/study-in-the-south\/#midjan\"\n                        class=\"sc_icons_item_link\">\n                        <\/a><\/div><\/div><\/div><div class=\"trx_addons_column-1_4 trx_addons_column-1_2-tablet\"><div class=\"sc_icons_item sc_icons_item_linked with_more\"><div class=\"sc_icons_image\" ><img loading=\"lazy\" decoding=\"async\" src=\"\/\/hfsu.is\/wp-content\/uploads\/2022\/08\/04f6c1_f09bfa8716a24ec6a992535559800903_mv2-410x230.webp\" alt=\"Icon\" width=\"410\" height=\"230\"><\/div><div class=\"sc_icons_item_details\"><h4 class=\"sc_icons_item_title\"><a href=\"https:\/\/hfsu.is\/en\/education-movitation\/study-in-the-south\/#fjolheimar\">\n                                    Selfoss - Fj\u00f6lheimar (Knowledge and Education Centre)                                    <\/a><\/h4><a href=\"https:\/\/hfsu.is\/en\/education-movitation\/study-in-the-south\/#fjolheimar\" class=\"sc_icons_item_more_link\">\n                        <span class=\"link_text\">Lesa meira<\/span><span class=\"link_icon\"><\/span>\n                        <\/a><a href=\"https:\/\/hfsu.is\/en\/education-movitation\/study-in-the-south\/#fjolheimar\"\n                        class=\"sc_icons_item_link\">\n                        <\/a><\/div><\/div><\/div><div class=\"trx_addons_column-1_4 trx_addons_column-1_2-tablet\"><div class=\"sc_icons_item sc_icons_item_linked with_more\"><div class=\"sc_icons_image\" ><img loading=\"lazy\" decoding=\"async\" src=\"\/\/hfsu.is\/wp-content\/uploads\/2022\/08\/04f6c1_9f8b4a6a599149ef99385f532699ad77_mv2-410x230.jpg\" alt=\"Icon\" width=\"410\" height=\"230\"><\/div><div class=\"sc_icons_item_details\"><h4 class=\"sc_icons_item_title\"><a href=\"https:\/\/hfsu.is\/en\/education-movitation\/study-in-the-south\/#viska\">\n                                    Vestmannaeyjar - Viska (Learning and education centre)                                    <\/a><\/h4><a href=\"https:\/\/hfsu.is\/en\/education-movitation\/study-in-the-south\/#viska\" class=\"sc_icons_item_more_link\">\n                        <span class=\"link_text\">Lesa meira<\/span><span class=\"link_icon\"><\/span>\n                        <\/a><a href=\"https:\/\/hfsu.is\/en\/education-movitation\/study-in-the-south\/#viska\"\n                        class=\"sc_icons_item_link\">\n                        <\/a><\/div><\/div><\/div><div class=\"trx_addons_column-1_4 trx_addons_column-1_2-tablet\"><div class=\"sc_icons_item sc_icons_item_linked with_more\"><div class=\"sc_icons_image\" ><img loading=\"lazy\" decoding=\"async\" src=\"\/\/hfsu.is\/wp-content\/uploads\/2022\/08\/04f6c1_1780026c96964745a0dc560ddaecd96e_mv2-410x230.webp\" alt=\"Icon\" width=\"410\" height=\"230\"><\/div><div class=\"sc_icons_item_details\"><h4 class=\"sc_icons_item_title\"><a href=\"https:\/\/hfsu.is\/en\/education-movitation\/study-in-the-south\/#nyheimar\">\n                                    Port in Hornafj\u00f6r\u00f0ur - N\u00fdheimar (Knowledge centre)                                    <\/a><\/h4><a href=\"https:\/\/hfsu.is\/en\/education-movitation\/study-in-the-south\/#nyheimar\" class=\"sc_icons_item_more_link\">\n                        <span class=\"link_text\">Lesa meira<\/span><span class=\"link_icon\"><\/span>\n                        <\/a><a href=\"https:\/\/hfsu.is\/en\/education-movitation\/study-in-the-south\/#nyheimar\"\n                        class=\"sc_icons_item_link\">\n                        <\/a><\/div><\/div><\/div><div class=\"trx_addons_column-1_4 trx_addons_column-1_2-tablet\"><div class=\"sc_icons_item sc_icons_item_linked with_more\"><div class=\"sc_icons_image\" ><img loading=\"lazy\" decoding=\"async\" src=\"\/\/hfsu.is\/wp-content\/uploads\/2022\/08\/04f6c1_fb1d817288d24bcfbed2516ceea3ccf3_mv2-410x230.jpg\" alt=\"Icon\" width=\"410\" height=\"230\"><\/div><div class=\"sc_icons_item_details\"><h4 class=\"sc_icons_item_title\"><a href=\"https:\/\/hfsu.is\/en\/education-movitation\/study-in-the-south\/#fraedslunetid\">\n                                    Hvolsv\u00f6llur - Fr\u00e6\u00f0sluneti\u00f0 (Learning centre)                                    <\/a><\/h4><a href=\"https:\/\/hfsu.is\/en\/education-movitation\/study-in-the-south\/#fraedslunetid\" class=\"sc_icons_item_more_link\">\n                        <span class=\"link_text\">Lesa meira<\/span><span class=\"link_icon\"><\/span>\n                        <\/a><a href=\"https:\/\/hfsu.is\/en\/education-movitation\/study-in-the-south\/#fraedslunetid\"\n                        class=\"sc_icons_item_link\">\n                        <\/a><\/div><\/div><\/div><div class=\"trx_addons_column-1_4 trx_addons_column-1_2-tablet\"><div class=\"sc_icons_item sc_icons_item_linked with_more\"><div class=\"sc_icons_image\" ><img loading=\"lazy\" decoding=\"async\" src=\"\/\/hfsu.is\/wp-content\/uploads\/2022\/08\/04f6c1_807f71aeacff47dda5ab2314acd614e8_mv2-410x230.jpg\" alt=\"Icon\" width=\"410\" height=\"230\"><\/div><div class=\"sc_icons_item_details\"><h4 class=\"sc_icons_item_title\"><a href=\"https:\/\/hfsu.is\/en\/education-movitation\/study-in-the-south\/#kotlusetur\">\n                                    V\u00edk in M\u00fdrdal - K\u00f6tlusetur (Culture and tourism centre)                                    <\/a><\/h4><a href=\"https:\/\/hfsu.is\/en\/education-movitation\/study-in-the-south\/#kotlusetur\" class=\"sc_icons_item_more_link\">\n                        <span class=\"link_text\">Lesa meira<\/span><span class=\"link_icon\"><\/span>\n                        <\/a><a href=\"https:\/\/hfsu.is\/en\/education-movitation\/study-in-the-south\/#kotlusetur\"\n                        class=\"sc_icons_item_link\">\n                        <\/a><\/div><\/div><\/div><\/div><\/div><!-- \/.sc_icons -->\t\t\t\t<\/div>\n\t\t\t\t<\/div>\n\t\t\t\t\t<\/div>\n\t\t<\/div>\n\t\t\t\t\t<\/div>\n\t\t<\/section>\n\t\t\t\t<\/div>\n\t\t","protected":false},"excerpt":{"rendered":"<p>Education Motivation (Menntahv\u00f6t project) encouragement for increased study in the South The project Menntahv\u00f6t (Education&hellip;<\/p>\n","protected":false},"author":1,"featured_media":0,"parent":0,"menu_order":0,"comment_status":"closed","ping_status":"closed","template":"","meta":{"footnotes":""},"class_list":["post-24907","page","type-page","status-publish","hentry"],"_links":{"self":[{"href":"https:\/\/hfsu.is\/en\/wp-json\/wp\/v2\/pages\/24907","targetHints":{"allow":["GET"]}}],"collection":[{"href":"https:\/\/hfsu.is\/en\/wp-json\/wp\/v2\/pages"}],"about":[{"href":"https:\/\/hfsu.is\/en\/wp-json\/wp\/v2\/types\/page"}],"author":[{"embeddable":true,"href":"https:\/\/hfsu.is\/en\/wp-json\/wp\/v2\/users\/1"}],"replies":[{"embeddable":true,"href":"https:\/\/hfsu.is\/en\/wp-json\/wp\/v2\/comments?post=24907"}],"version-history":[{"count":15,"href":"https:\/\/hfsu.is\/en\/wp-json\/wp\/v2\/pages\/24907\/revisions"}],"predecessor-version":[{"id":25662,"href":"https:\/\/hfsu.is\/en\/wp-json\/wp\/v2\/pages\/24907\/revisions\/25662"}],"wp:attachment":[{"href":"https:\/\/hfsu.is\/en\/wp-json\/wp\/v2\/media?parent=24907"}],"curies":[{"name":"wp","href":"https:\/\/api.w.org\/{rel}","templated":true}]}}