{"id":24911,"date":"2022-08-15T10:22:37","date_gmt":"2022-08-15T10:22:37","guid":{"rendered":"https:\/\/hfsu.is\/education-movitation\/preparatory-studies-to-universities\/"},"modified":"2024-01-29T13:56:56","modified_gmt":"2024-01-29T13:56:56","slug":"preparatory-studies-to-universities","status":"publish","type":"page","link":"https:\/\/hfsu.is\/en\/education-movitation\/preparatory-studies-to-universities\/","title":{"rendered":"Preparatory studies to universities"},"content":{"rendered":"\t\t<div data-elementor-type=\"wp-page\" data-elementor-id=\"24911\" class=\"elementor elementor-24911 elementor-20761\">\n\t\t\t\t\t\t<section class=\"elementor-section elementor-top-section elementor-element elementor-element-34e5d958 elementor-section-boxed elementor-section-height-default elementor-section-height-default sc_fly_static\" data-id=\"34e5d958\" data-element_type=\"section\" data-e-type=\"section\">\n\t\t\t\t\t\t<div class=\"elementor-container elementor-column-gap-extended\">\n\t\t\t\t\t<div class=\"elementor-column elementor-col-50 elementor-top-column elementor-element elementor-element-71b71885 sc_content_align_inherit sc_layouts_column_icons_position_left sc_fly_static\" data-id=\"71b71885\" data-element_type=\"column\" data-e-type=\"column\">\n\t\t\t<div class=\"elementor-widget-wrap elementor-element-populated\">\n\t\t\t\t\t\t<div class=\"elementor-element elementor-element-65526f25 sc_fly_static elementor-widget elementor-widget-trx_sc_title\" data-id=\"65526f25\" data-element_type=\"widget\" data-e-type=\"widget\" data-widget_type=\"trx_sc_title.default\">\n\t\t\t\t<div class=\"elementor-widget-container\">\n\t\t\t\t\t<div\t\tclass=\"sc_title sc_title_accent\" ><h1 class=\"sc_item_title sc_title_title sc_item_title_style_accent sc_item_title_tag\"\n\t\t\t><span class=\"sc_item_title_text\">Preparatory studies to universities<\/span><\/h1><span class=\"sc_item_subtitle sc_title_subtitle sc_item_subtitle_below sc_item_title_style_accent\">Distance learning methods \/ Education Motivation (Menntahv\u00f6t)<\/span><div class=\"sc_item_descr sc_title_descr\"><p>A matriculation degree (st\u00fadentspr\u00f3f) is generally a university entrance requirement, but three universities have defined a special preparatory programme for those applicants who do not have a matriculation degree.<\/p>\n<\/div><\/div>\t\t\t\t<\/div>\n\t\t\t\t<\/div>\n\t\t\t\t\t<\/div>\n\t\t<\/div>\n\t\t\t\t<div class=\"elementor-column elementor-col-50 elementor-top-column elementor-element elementor-element-83c36e0 sc_content_align_inherit sc_layouts_column_icons_position_left sc_fly_static\" data-id=\"83c36e0\" data-element_type=\"column\" data-e-type=\"column\">\n\t\t\t<div class=\"elementor-widget-wrap elementor-element-populated\">\n\t\t\t\t\t\t<div class=\"elementor-element elementor-element-76225370 elementor-position-inline-start elementor-mobile-position-inline-start elementor-view-default sc_fly_static elementor-widget elementor-widget-icon-box\" data-id=\"76225370\" data-element_type=\"widget\" data-e-type=\"widget\" data-widget_type=\"icon-box.default\">\n\t\t\t\t<div class=\"elementor-widget-container\">\n\t\t\t\t\t\t\t<div class=\"elementor-icon-box-wrapper\">\n\n\t\t\t\t\t\t<div class=\"elementor-icon-box-icon\">\n\t\t\t\t<a href=\"https:\/\/hfsu.is\/en\/education-movitation\/#fjarnamsleidir\" class=\"elementor-icon\" tabindex=\"-1\" aria-label=\"Go back\">\n\t\t\t\t<i aria-hidden=\"true\" class=\"fas fa-arrow-left\"><\/i>\t\t\t\t<\/a>\n\t\t\t<\/div>\n\t\t\t\n\t\t\t\t\t\t<div class=\"elementor-icon-box-content\">\n\n\t\t\t\t\t\t\t\t\t<span class=\"elementor-icon-box-title\">\n\t\t\t\t\t\t<a href=\"https:\/\/hfsu.is\/en\/education-movitation\/#fjarnamsleidir\" >\n\t\t\t\t\t\t\tGo back\t\t\t\t\t\t<\/a>\n\t\t\t\t\t<\/span>\n\t\t\t\t\n\t\t\t\t\n\t\t\t<\/div>\n\t\t\t\n\t\t<\/div>\n\t\t\t\t\t\t<\/div>\n\t\t\t\t<\/div>\n\t\t\t\t\t<\/div>\n\t\t<\/div>\n\t\t\t\t\t<\/div>\n\t\t<\/section>\n\t\t\t\t<section class=\"elementor-section elementor-top-section elementor-element elementor-element-0e7207f elementor-section-boxed elementor-section-height-default elementor-section-height-default sc_fly_static\" data-id=\"0e7207f\" data-element_type=\"section\" data-e-type=\"section\">\n\t\t\t\t\t\t<div class=\"elementor-container elementor-column-gap-extended\">\n\t\t\t\t\t<div class=\"elementor-column elementor-col-100 elementor-top-column elementor-element elementor-element-fb46a89 sc_content_align_inherit sc_layouts_column_icons_position_left sc_fly_static\" data-id=\"fb46a89\" data-element_type=\"column\" data-e-type=\"column\">\n\t\t\t<div class=\"elementor-widget-wrap elementor-element-populated\">\n\t\t\t\t\t\t<div class=\"elementor-element elementor-element-e78ec37 sc_fly_static elementor-widget elementor-widget-spacer\" data-id=\"e78ec37\" data-element_type=\"widget\" data-e-type=\"widget\" data-widget_type=\"spacer.default\">\n\t\t\t\t<div class=\"elementor-widget-container\">\n\t\t\t\t\t\t\t<div class=\"elementor-spacer\">\n\t\t\t<div class=\"elementor-spacer-inner\"><\/div>\n\t\t<\/div>\n\t\t\t\t\t\t<\/div>\n\t\t\t\t<\/div>\n\t\t\t\t\t<\/div>\n\t\t<\/div>\n\t\t\t\t\t<\/div>\n\t\t<\/section>\n\t\t\t\t<section class=\"elementor-section elementor-top-section elementor-element elementor-element-d7925c5 elementor-section-stretched elementor-section-boxed elementor-section-height-default elementor-section-height-default sc_fly_static\" data-id=\"d7925c5\" data-element_type=\"section\" data-e-type=\"section\" data-settings=\"{&quot;stretch_section&quot;:&quot;section-stretched&quot;,&quot;background_background&quot;:&quot;classic&quot;}\">\n\t\t\t\t\t\t<div class=\"elementor-container elementor-column-gap-extended\">\n\t\t\t\t\t<div class=\"elementor-column elementor-col-100 elementor-top-column elementor-element elementor-element-c533520 sc_content_align_inherit sc_layouts_column_icons_position_left sc_fly_static\" data-id=\"c533520\" data-element_type=\"column\" data-e-type=\"column\">\n\t\t\t<div class=\"elementor-widget-wrap elementor-element-populated\">\n\t\t\t\t\t\t<div class=\"elementor-element elementor-element-0814ba3 sc_fly_static elementor-widget elementor-widget-spacer\" data-id=\"0814ba3\" data-element_type=\"widget\" data-e-type=\"widget\" data-widget_type=\"spacer.default\">\n\t\t\t\t<div class=\"elementor-widget-container\">\n\t\t\t\t\t\t\t<div class=\"elementor-spacer\">\n\t\t\t<div class=\"elementor-spacer-inner\"><\/div>\n\t\t<\/div>\n\t\t\t\t\t\t<\/div>\n\t\t\t\t<\/div>\n\t\t\t\t\t<\/div>\n\t\t<\/div>\n\t\t\t\t\t<\/div>\n\t\t<\/section>\n\t\t\t\t<section class=\"elementor-section elementor-top-section elementor-element elementor-element-487d909 elementor-section-stretched elementor-section-boxed elementor-section-height-default elementor-section-height-default sc_fly_static\" data-id=\"487d909\" data-element_type=\"section\" data-e-type=\"section\" data-settings=\"{&quot;stretch_section&quot;:&quot;section-stretched&quot;,&quot;background_background&quot;:&quot;classic&quot;}\">\n\t\t\t\t\t\t<div class=\"elementor-container elementor-column-gap-extended\">\n\t\t\t\t\t<div class=\"elementor-column elementor-col-50 elementor-top-column elementor-element elementor-element-b43ce58 sc_content_align_inherit sc_layouts_column_icons_position_left sc_fly_static\" data-id=\"b43ce58\" data-element_type=\"column\" data-e-type=\"column\">\n\t\t\t<div class=\"elementor-widget-wrap elementor-element-populated\">\n\t\t\t\t\t\t<div class=\"elementor-element elementor-element-833b823 sc_fly_static elementor-widget elementor-widget-text-editor\" data-id=\"833b823\" data-element_type=\"widget\" data-e-type=\"widget\" data-widget_type=\"text-editor.default\">\n\t\t\t\t<div class=\"elementor-widget-container\">\n\t\t\t\t\t\t\t\t\t<p>At the University of Iceland, it is referred to as The Academy for Preliminary Studies (H\u00e1sk\u00f3labr\u00fa Keilis), at the University of Bifr\u00f6st, the preparatory programme is called the University Gateway (H\u00e1sk\u00f3lag\u00e1tt), and at the University of Reykjav\u00edk, the programme is the Department of Preliminary Studies (H\u00e1sk\u00f3lagrunnur).<\/p>\n\t\t\t\t\t\t\t\t<\/div>\n\t\t\t\t<\/div>\n\t\t\t\t<div class=\"elementor-element elementor-element-72abc37 sc_fly_static elementor-widget elementor-widget-spacer\" data-id=\"72abc37\" data-element_type=\"widget\" data-e-type=\"widget\" data-widget_type=\"spacer.default\">\n\t\t\t\t<div class=\"elementor-widget-container\">\n\t\t\t\t\t\t\t<div class=\"elementor-spacer\">\n\t\t\t<div class=\"elementor-spacer-inner\"><\/div>\n\t\t<\/div>\n\t\t\t\t\t\t<\/div>\n\t\t\t\t<\/div>\n\t\t\t\t<div class=\"elementor-element elementor-element-65486a6 sc_fly_static elementor-widget elementor-widget-text-editor\" data-id=\"65486a6\" data-element_type=\"widget\" data-e-type=\"widget\" data-widget_type=\"text-editor.default\">\n\t\t\t\t<div class=\"elementor-widget-container\">\n\t\t\t\t\t\t\t\t\t<p><a href=\"https:\/\/www.keilir.net\/haskolabru\" target=\"_blank\" rel=\"noopener\">The Academy for Preliminary Studies (H\u00e1sk\u00f3labr\u00fa Keilis)<\/a><\/p>\n<p><a href=\"https:\/\/www.bifrost.is\/namid\/haskolagatt\" target=\"_blank\" rel=\"noopener\">University Gateway at Bifr\u00f6st (H\u00e1sk\u00f3lag\u00e1tt)<\/a><\/p>\n<p><a href=\"https:\/\/www.ru.is\/deildir\/frumgreinadeild\/haskolagrunnur-hr\" target=\"_blank\" rel=\"noopener\">Department of Preliminary Studies (University of Reykjav\u00edk)<\/a><\/p>\n\t\t\t\t\t\t\t\t<\/div>\n\t\t\t\t<\/div>\n\t\t\t\t\t<\/div>\n\t\t<\/div>\n\t\t\t\t<div class=\"elementor-column elementor-col-50 elementor-top-column elementor-element elementor-element-fbc2ce2 sc_content_align_inherit sc_layouts_column_icons_position_left sc_fly_static\" data-id=\"fbc2ce2\" data-element_type=\"column\" data-e-type=\"column\">\n\t\t\t<div class=\"elementor-widget-wrap elementor-element-populated\">\n\t\t\t\t\t\t<div class=\"elementor-element elementor-element-c044d9d sc_fly_static elementor-widget elementor-widget-image\" data-id=\"c044d9d\" data-element_type=\"widget\" data-e-type=\"widget\" data-widget_type=\"image.default\">\n\t\t\t\t<div class=\"elementor-widget-container\">\n\t\t\t\t\t\t\t\t\t\t\t\t\t\t\t<img fetchpriority=\"high\" decoding=\"async\" width=\"400\" height=\"397\" src=\"https:\/\/hfsu.is\/wp-content\/uploads\/2022\/08\/icon-adfaranam.png\" class=\"attachment-full size-full wp-image-23792\" alt=\"\" srcset=\"https:\/\/hfsu.is\/wp-content\/uploads\/2022\/08\/icon-adfaranam.png 400w, https:\/\/hfsu.is\/wp-content\/uploads\/2022\/08\/icon-adfaranam-300x298.png 300w, https:\/\/hfsu.is\/wp-content\/uploads\/2022\/08\/icon-adfaranam-150x150.png 150w, https:\/\/hfsu.is\/wp-content\/uploads\/2022\/08\/icon-adfaranam-370x367.png 370w, https:\/\/hfsu.is\/wp-content\/uploads\/2022\/08\/icon-adfaranam-120x120.png 120w\" sizes=\"(max-width: 600px) 100vw, 400px\" \/>\t\t\t\t\t\t\t\t\t\t\t\t\t\t\t<\/div>\n\t\t\t\t<\/div>\n\t\t\t\t\t<\/div>\n\t\t<\/div>\n\t\t\t\t\t<\/div>\n\t\t<\/section>\n\t\t\t\t<section class=\"elementor-section elementor-top-section elementor-element elementor-element-735665d elementor-section-stretched elementor-section-boxed elementor-section-height-default elementor-section-height-default sc_fly_static\" data-id=\"735665d\" data-element_type=\"section\" data-e-type=\"section\" data-settings=\"{&quot;stretch_section&quot;:&quot;section-stretched&quot;,&quot;background_background&quot;:&quot;classic&quot;}\">\n\t\t\t\t\t\t<div class=\"elementor-container elementor-column-gap-extended\">\n\t\t\t\t\t<div class=\"elementor-column elementor-col-100 elementor-top-column elementor-element elementor-element-480f8ed sc_content_align_inherit sc_layouts_column_icons_position_left sc_fly_static\" data-id=\"480f8ed\" data-element_type=\"column\" data-e-type=\"column\">\n\t\t\t<div class=\"elementor-widget-wrap elementor-element-populated\">\n\t\t\t\t\t\t<div class=\"elementor-element elementor-element-c1cbebf sc_fly_static elementor-widget elementor-widget-spacer\" data-id=\"c1cbebf\" data-element_type=\"widget\" data-e-type=\"widget\" data-widget_type=\"spacer.default\">\n\t\t\t\t<div class=\"elementor-widget-container\">\n\t\t\t\t\t\t\t<div class=\"elementor-spacer\">\n\t\t\t<div class=\"elementor-spacer-inner\"><\/div>\n\t\t<\/div>\n\t\t\t\t\t\t<\/div>\n\t\t\t\t<\/div>\n\t\t\t\t\t<\/div>\n\t\t<\/div>\n\t\t\t\t\t<\/div>\n\t\t<\/section>\n\t\t\t\t<\/div>\n\t\t","protected":false},"excerpt":{"rendered":"<p>Preparatory studies to universities Distance learning methods \/ Education Motivation (Menntahv\u00f6t) A matriculation degree (st\u00fadentspr\u00f3f)&hellip;<\/p>\n","protected":false},"author":1,"featured_media":0,"parent":24907,"menu_order":0,"comment_status":"closed","ping_status":"closed","template":"","meta":{"footnotes":""},"class_list":["post-24911","page","type-page","status-publish","hentry"],"_links":{"self":[{"href":"https:\/\/hfsu.is\/en\/wp-json\/wp\/v2\/pages\/24911","targetHints":{"allow":["GET"]}}],"collection":[{"href":"https:\/\/hfsu.is\/en\/wp-json\/wp\/v2\/pages"}],"about":[{"href":"https:\/\/hfsu.is\/en\/wp-json\/wp\/v2\/types\/page"}],"author":[{"embeddable":true,"href":"https:\/\/hfsu.is\/en\/wp-json\/wp\/v2\/users\/1"}],"replies":[{"embeddable":true,"href":"https:\/\/hfsu.is\/en\/wp-json\/wp\/v2\/comments?post=24911"}],"version-history":[{"count":1,"href":"https:\/\/hfsu.is\/en\/wp-json\/wp\/v2\/pages\/24911\/revisions"}],"predecessor-version":[{"id":25010,"href":"https:\/\/hfsu.is\/en\/wp-json\/wp\/v2\/pages\/24911\/revisions\/25010"}],"up":[{"embeddable":true,"href":"https:\/\/hfsu.is\/en\/wp-json\/wp\/v2\/pages\/24907"}],"wp:attachment":[{"href":"https:\/\/hfsu.is\/en\/wp-json\/wp\/v2\/media?parent=24911"}],"curies":[{"name":"wp","href":"https:\/\/api.w.org\/{rel}","templated":true}]}}