{"id":24965,"date":"2023-10-26T16:46:40","date_gmt":"2023-10-26T16:46:40","guid":{"rendered":"https:\/\/hfsu.is\/education-movitation\/distance-learning-at-secondary-school-level\/"},"modified":"2024-01-29T13:53:22","modified_gmt":"2024-01-29T13:53:22","slug":"distance-learning-at-secondary-school-level","status":"publish","type":"page","link":"https:\/\/hfsu.is\/en\/education-movitation\/distance-learning-at-secondary-school-level\/","title":{"rendered":"Distance learning at secondary school level"},"content":{"rendered":"\t\t<div data-elementor-type=\"wp-page\" data-elementor-id=\"24965\" class=\"elementor elementor-24965 elementor-23141\">\n\t\t\t\t\t\t<section class=\"elementor-section elementor-top-section elementor-element elementor-element-2c37ba5b elementor-section-boxed elementor-section-height-default elementor-section-height-default sc_fly_static\" data-id=\"2c37ba5b\" data-element_type=\"section\" data-e-type=\"section\">\n\t\t\t\t\t\t<div class=\"elementor-container elementor-column-gap-extended\">\n\t\t\t\t\t<div class=\"elementor-column elementor-col-50 elementor-top-column elementor-element elementor-element-3e11f7ec sc_content_align_inherit sc_layouts_column_icons_position_left sc_fly_static\" data-id=\"3e11f7ec\" data-element_type=\"column\" data-e-type=\"column\">\n\t\t\t<div class=\"elementor-widget-wrap elementor-element-populated\">\n\t\t\t\t\t\t<div class=\"elementor-element elementor-element-4b1eecca sc_fly_static elementor-widget elementor-widget-trx_sc_title\" data-id=\"4b1eecca\" data-element_type=\"widget\" data-e-type=\"widget\" data-widget_type=\"trx_sc_title.default\">\n\t\t\t\t<div class=\"elementor-widget-container\">\n\t\t\t\t\t<div\t\tclass=\"sc_title sc_title_accent\" ><h1 class=\"sc_item_title sc_title_title sc_item_title_style_accent sc_item_title_tag\"\n\t\t\t><span class=\"sc_item_title_text\">Distance learning at secondary school level<\/span><\/h1><span class=\"sc_item_subtitle sc_title_subtitle sc_item_subtitle_below sc_item_title_style_accent\">Distance learning methods \/ Education Motivation (Menntahv\u00f6t)<\/span><div class=\"sc_item_descr sc_title_descr\"><p>The following list is an overview of the secondary schools that offer distance learning and\/or flexible learning for final exams, for example for matriculation exams and on vocational courses. The list is not exhaustive, however, and information may change at individual schools.<\/p>\n<\/div><\/div>\t\t\t\t<\/div>\n\t\t\t\t<\/div>\n\t\t\t\t\t<\/div>\n\t\t<\/div>\n\t\t\t\t<div class=\"elementor-column elementor-col-50 elementor-top-column elementor-element elementor-element-4c4c9953 sc_content_align_inherit sc_layouts_column_icons_position_left sc_fly_static\" data-id=\"4c4c9953\" data-element_type=\"column\" data-e-type=\"column\">\n\t\t\t<div class=\"elementor-widget-wrap elementor-element-populated\">\n\t\t\t\t\t\t<div class=\"elementor-element elementor-element-27adeb1c elementor-position-inline-start elementor-mobile-position-inline-start elementor-view-default sc_fly_static elementor-widget elementor-widget-icon-box\" data-id=\"27adeb1c\" data-element_type=\"widget\" data-e-type=\"widget\" data-widget_type=\"icon-box.default\">\n\t\t\t\t<div class=\"elementor-widget-container\">\n\t\t\t\t\t\t\t<div class=\"elementor-icon-box-wrapper\">\n\n\t\t\t\t\t\t<div class=\"elementor-icon-box-icon\">\n\t\t\t\t<a href=\"https:\/\/hfsu.is\/en\/education-movitation\/#fjarnamsleidir\" class=\"elementor-icon\" tabindex=\"-1\" aria-label=\"Go back\">\n\t\t\t\t<i aria-hidden=\"true\" class=\"fas fa-arrow-left\"><\/i>\t\t\t\t<\/a>\n\t\t\t<\/div>\n\t\t\t\n\t\t\t\t\t\t<div class=\"elementor-icon-box-content\">\n\n\t\t\t\t\t\t\t\t\t<span class=\"elementor-icon-box-title\">\n\t\t\t\t\t\t<a href=\"https:\/\/hfsu.is\/en\/education-movitation\/#fjarnamsleidir\" >\n\t\t\t\t\t\t\tGo back\t\t\t\t\t\t<\/a>\n\t\t\t\t\t<\/span>\n\t\t\t\t\n\t\t\t\t\n\t\t\t<\/div>\n\t\t\t\n\t\t<\/div>\n\t\t\t\t\t\t<\/div>\n\t\t\t\t<\/div>\n\t\t\t\t\t<\/div>\n\t\t<\/div>\n\t\t\t\t\t<\/div>\n\t\t<\/section>\n\t\t\t\t<section class=\"elementor-section elementor-top-section elementor-element elementor-element-0e7207f elementor-section-boxed elementor-section-height-default elementor-section-height-default sc_fly_static\" data-id=\"0e7207f\" data-element_type=\"section\" data-e-type=\"section\">\n\t\t\t\t\t\t<div class=\"elementor-container elementor-column-gap-extended\">\n\t\t\t\t\t<div class=\"elementor-column elementor-col-100 elementor-top-column elementor-element elementor-element-fb46a89 sc_content_align_inherit sc_layouts_column_icons_position_left sc_fly_static\" data-id=\"fb46a89\" data-element_type=\"column\" data-e-type=\"column\">\n\t\t\t<div class=\"elementor-widget-wrap elementor-element-populated\">\n\t\t\t\t\t\t<div class=\"elementor-element elementor-element-e78ec37 sc_fly_static elementor-widget elementor-widget-spacer\" data-id=\"e78ec37\" data-element_type=\"widget\" data-e-type=\"widget\" data-widget_type=\"spacer.default\">\n\t\t\t\t<div class=\"elementor-widget-container\">\n\t\t\t\t\t\t\t<div class=\"elementor-spacer\">\n\t\t\t<div class=\"elementor-spacer-inner\"><\/div>\n\t\t<\/div>\n\t\t\t\t\t\t<\/div>\n\t\t\t\t<\/div>\n\t\t\t\t\t<\/div>\n\t\t<\/div>\n\t\t\t\t\t<\/div>\n\t\t<\/section>\n\t\t\t\t<section class=\"elementor-section elementor-top-section elementor-element elementor-element-d7925c5 elementor-section-stretched elementor-section-boxed elementor-section-height-default elementor-section-height-default sc_fly_static\" data-id=\"d7925c5\" data-element_type=\"section\" data-e-type=\"section\" data-settings=\"{&quot;stretch_section&quot;:&quot;section-stretched&quot;,&quot;background_background&quot;:&quot;classic&quot;}\">\n\t\t\t\t\t\t<div class=\"elementor-container elementor-column-gap-extended\">\n\t\t\t\t\t<div class=\"elementor-column elementor-col-100 elementor-top-column elementor-element elementor-element-c533520 sc_content_align_inherit sc_layouts_column_icons_position_left sc_fly_static\" data-id=\"c533520\" data-element_type=\"column\" data-e-type=\"column\">\n\t\t\t<div class=\"elementor-widget-wrap elementor-element-populated\">\n\t\t\t\t\t\t<div class=\"elementor-element elementor-element-0814ba3 sc_fly_static elementor-widget elementor-widget-spacer\" data-id=\"0814ba3\" data-element_type=\"widget\" data-e-type=\"widget\" data-widget_type=\"spacer.default\">\n\t\t\t\t<div class=\"elementor-widget-container\">\n\t\t\t\t\t\t\t<div class=\"elementor-spacer\">\n\t\t\t<div class=\"elementor-spacer-inner\"><\/div>\n\t\t<\/div>\n\t\t\t\t\t\t<\/div>\n\t\t\t\t<\/div>\n\t\t\t\t\t<\/div>\n\t\t<\/div>\n\t\t\t\t\t<\/div>\n\t\t<\/section>\n\t\t\t\t<section class=\"elementor-section elementor-top-section elementor-element elementor-element-487d909 elementor-section-stretched elementor-reverse-mobile elementor-section-boxed elementor-section-height-default elementor-section-height-default sc_fly_static\" data-id=\"487d909\" data-element_type=\"section\" data-e-type=\"section\" data-settings=\"{&quot;stretch_section&quot;:&quot;section-stretched&quot;,&quot;background_background&quot;:&quot;classic&quot;}\">\n\t\t\t\t\t\t<div class=\"elementor-container elementor-column-gap-extended\">\n\t\t\t\t\t<div class=\"elementor-column elementor-col-100 elementor-top-column elementor-element elementor-element-b43ce58 sc_content_align_inherit sc_layouts_column_icons_position_left sc_fly_static\" data-id=\"b43ce58\" data-element_type=\"column\" data-e-type=\"column\">\n\t\t\t<div class=\"elementor-widget-wrap elementor-element-populated\">\n\t\t\t\t\t\t<div class=\"elementor-element elementor-element-65486a6 sc_fly_static elementor-widget elementor-widget-text-editor\" data-id=\"65486a6\" data-element_type=\"widget\" data-e-type=\"widget\" data-widget_type=\"text-editor.default\">\n\t\t\t\t<div class=\"elementor-widget-container\">\n\t\t\t\t\t\t\t\t\t<p><a href=\"https:\/\/www.fa.is\/\" target=\"_blank\" rel=\"noopener\">\u00c1rm\u00fali Comprehensive Secondary School (Fj\u00f6lbrautask\u00f3linn vi\u00f0 \u00c1rm\u00fala).<\/a><\/p>\n<p><a href=\"https:\/\/www.verslo.is\/\" target=\"_blank\" rel=\"noopener\">The Commercial College of Iceland (Verslunarsk\u00f3li \u00cdslands).<\/a><\/p>\n<p><a href=\"https:\/\/www.fg.is\/\" target=\"_blank\" rel=\"noopener\">Gar\u00f0ab\u00e6r Comprehensive Secondary School (Fj\u00f6lbrautask\u00f3linn \u00ed Gar\u00f0ab\u00e6).<\/a><\/p>\n<p><a href=\"https:\/\/oh.ru.is\/namskeid\/\" target=\"_blank\" rel=\"noopener\">Reykjav\u00edk University (H\u00e1sk\u00f3linn \u00ed Reykjav\u00edk).<\/a><\/p>\n<p><a href=\"https:\/\/tskoli.is\/saekja-um-dreifnam-fjarnam\/\" target=\"_blank\" rel=\"noopener\">Technical College &#8211; school of the industry (T\u00e6knisk\u00f3linn \u00ed Reykjav\u00edk)<\/a><\/p>\n<p><a href=\"https:\/\/www.me.is\/\" target=\"_blank\" rel=\"noopener\">The Egilssta\u00f0ir Junior College (Menntask\u00f3linn \u00e1 Egilsst\u00f6\u00f0um).<\/a><\/p>\n<p><a href=\"https:\/\/www.vma.is\/\" target=\"_blank\" rel=\"noopener\">Akureyri Polytechnic school (Verkmenntask\u00f3linn \u00e1 Akureyri).<\/a><\/p>\n<p><a href=\"https:\/\/www.fsh.is\/\" target=\"_blank\" rel=\"noopener\">The secondary school in H\u00fasav\u00edk (Framhaldssk\u00f3linn \u00e1 H\u00fasav\u00edk).<\/a><\/p>\n<p><a href=\"https:\/\/www.fnv.is\/is\/fjar-dreifinam\/fjarnam\" target=\"_blank\" rel=\"noopener\">Nor\u00f0vestra Comprehensive Secondary School (Fj\u00f6lbrautask\u00f3li Nor\u00f0urlands Vestra).<\/a><\/p>\n<p><a href=\"https:\/\/www.va.is\/is\/fjarnam\" target=\"_blank\" rel=\"noopener\">Austurland&#8217;s Secondary School (Verkmenntask\u00f3li Austurlands).<\/a><\/p>\n<p><a href=\"https:\/\/www.fsn.is\/is\/fjarnam\" target=\"_blank\" rel=\"noopener\">Sn\u00e6fellinga Secondary School (Fj\u00f6lbrautask\u00f3li Su\u00f0urnesja).<\/a><\/p>\n<p><a href=\"https:\/\/www.fas.is\/fjarnam\/\" target=\"_blank\" rel=\"noopener\">Upper Secondary School of Austur-Skaftafellss\u00fdsla (Framhaldssk\u00f3linn \u00ed Austur-Skaftafellss\u00fdslu, FAS).<\/a><\/p>\n<p><a href=\"https:\/\/menntaborg.is\/dreifnam\/\" target=\"_blank\" rel=\"noopener\">Borgarfj\u00f6r\u00f0ur High School (Menntask\u00f3li Borgarfjar\u00f0ar).<\/a><\/p>\n<p><a href=\"https:\/\/www.mtr.is\/is\/namid\/fjarnam\" target=\"_blank\" rel=\"noopener\">Tr\u00f6llaskagi Upper-Secondary School (Menntask\u00f3linn \u00e1 Tr\u00f6llaskaga).<\/a><\/p>\n<p><a href=\"https:\/\/misa.is\/fjar-_og_dreifinam\/\" target=\"_blank\" rel=\"noopener\">\u00cdsafj\u00f6r\u00f0ur Secondary School (Menntask\u00f3linn \u00e1 \u00cdsafir\u00f0ir).<\/a><\/p>\n<p><a href=\"https:\/\/www.keilir.net\/haskolabru\/namsframbod\/haskolabru-fjarnam\" target=\"_blank\" rel=\"noopener\">Keilir &#8211; Academy for Preliminary Studies<\/a><\/p>\n\t\t\t\t\t\t\t\t<\/div>\n\t\t\t\t<\/div>\n\t\t\t\t\t<\/div>\n\t\t<\/div>\n\t\t\t\t\t<\/div>\n\t\t<\/section>\n\t\t\t\t<section class=\"elementor-section elementor-top-section elementor-element elementor-element-735665d elementor-section-stretched elementor-section-boxed elementor-section-height-default elementor-section-height-default sc_fly_static\" data-id=\"735665d\" data-element_type=\"section\" data-e-type=\"section\" data-settings=\"{&quot;stretch_section&quot;:&quot;section-stretched&quot;,&quot;background_background&quot;:&quot;classic&quot;}\">\n\t\t\t\t\t\t<div class=\"elementor-container elementor-column-gap-extended\">\n\t\t\t\t\t<div class=\"elementor-column elementor-col-100 elementor-top-column elementor-element elementor-element-480f8ed sc_content_align_inherit sc_layouts_column_icons_position_left sc_fly_static\" data-id=\"480f8ed\" data-element_type=\"column\" data-e-type=\"column\">\n\t\t\t<div class=\"elementor-widget-wrap elementor-element-populated\">\n\t\t\t\t\t\t<div class=\"elementor-element elementor-element-c1cbebf sc_fly_static elementor-widget elementor-widget-spacer\" data-id=\"c1cbebf\" data-element_type=\"widget\" data-e-type=\"widget\" data-widget_type=\"spacer.default\">\n\t\t\t\t<div class=\"elementor-widget-container\">\n\t\t\t\t\t\t\t<div class=\"elementor-spacer\">\n\t\t\t<div class=\"elementor-spacer-inner\"><\/div>\n\t\t<\/div>\n\t\t\t\t\t\t<\/div>\n\t\t\t\t<\/div>\n\t\t\t\t\t<\/div>\n\t\t<\/div>\n\t\t\t\t\t<\/div>\n\t\t<\/section>\n\t\t\t\t<\/div>\n\t\t","protected":false},"excerpt":{"rendered":"<p>Distance learning at secondary school level Distance learning methods \/ Education Motivation (Menntahv\u00f6t) The following&hellip;<\/p>\n","protected":false},"author":1,"featured_media":0,"parent":24907,"menu_order":0,"comment_status":"closed","ping_status":"closed","template":"","meta":{"footnotes":""},"class_list":["post-24965","page","type-page","status-publish","hentry"],"_links":{"self":[{"href":"https:\/\/hfsu.is\/en\/wp-json\/wp\/v2\/pages\/24965","targetHints":{"allow":["GET"]}}],"collection":[{"href":"https:\/\/hfsu.is\/en\/wp-json\/wp\/v2\/pages"}],"about":[{"href":"https:\/\/hfsu.is\/en\/wp-json\/wp\/v2\/types\/page"}],"author":[{"embeddable":true,"href":"https:\/\/hfsu.is\/en\/wp-json\/wp\/v2\/users\/1"}],"replies":[{"embeddable":true,"href":"https:\/\/hfsu.is\/en\/wp-json\/wp\/v2\/comments?post=24965"}],"version-history":[{"count":3,"href":"https:\/\/hfsu.is\/en\/wp-json\/wp\/v2\/pages\/24965\/revisions"}],"predecessor-version":[{"id":24968,"href":"https:\/\/hfsu.is\/en\/wp-json\/wp\/v2\/pages\/24965\/revisions\/24968"}],"up":[{"embeddable":true,"href":"https:\/\/hfsu.is\/en\/wp-json\/wp\/v2\/pages\/24907"}],"wp:attachment":[{"href":"https:\/\/hfsu.is\/en\/wp-json\/wp\/v2\/media?parent=24965"}],"curies":[{"name":"wp","href":"https:\/\/api.w.org\/{rel}","templated":true}]}}