{"id":25347,"date":"2024-01-29T17:28:23","date_gmt":"2024-01-29T17:28:23","guid":{"rendered":"https:\/\/hfsu.is\/?page_id=25347"},"modified":"2024-01-30T17:24:39","modified_gmt":"2024-01-30T17:24:39","slug":"ingibjorg-lilja-omarsdottir","status":"publish","type":"page","link":"https:\/\/hfsu.is\/en\/the-science-and-research-fund-of-south-iceland\/grant-recipients\/ingibjorg-lilja-omarsdottir\/","title":{"rendered":"Ingibj\u00f6rg Lilja \u00d3marsd\u00f3ttir"},"content":{"rendered":"\t\t<div data-elementor-type=\"wp-page\" data-elementor-id=\"25347\" class=\"elementor elementor-25347 elementor-25346\">\n\t\t\t\t\t\t<section class=\"elementor-section elementor-top-section elementor-element elementor-element-2d852760 elementor-section-boxed elementor-section-height-default elementor-section-height-default sc_fly_static\" data-id=\"2d852760\" data-element_type=\"section\" data-e-type=\"section\">\n\t\t\t\t\t\t<div class=\"elementor-container elementor-column-gap-extended\">\n\t\t\t\t\t<div class=\"elementor-column elementor-col-100 elementor-top-column elementor-element elementor-element-19ae3e7d sc_content_align_inherit sc_layouts_column_icons_position_left sc_fly_static\" data-id=\"19ae3e7d\" data-element_type=\"column\" data-e-type=\"column\">\n\t\t\t<div class=\"elementor-widget-wrap elementor-element-populated\">\n\t\t\t\t\t\t<div class=\"elementor-element elementor-element-58cc937b sc_fly_static elementor-widget elementor-widget-trx_sc_title\" data-id=\"58cc937b\" data-element_type=\"widget\" data-e-type=\"widget\" data-widget_type=\"trx_sc_title.default\">\n\t\t\t\t<div class=\"elementor-widget-container\">\n\t\t\t\t\t<div\t\tclass=\"sc_title sc_title_accent\" ><span class=\"sc_item_subtitle sc_title_subtitle sc_align_center sc_item_subtitle_above sc_item_title_style_accent\">The Science and Research Fund<\/span><h1 class=\"sc_item_title sc_title_title sc_align_center sc_item_title_style_accent sc_item_title_tag\"\n\t\t\t><span class=\"sc_item_title_text\">Resilience of communities following the 2010 Eyjafjallaj\u00f6kull eruption - Residents' view of social support in the recovery process and reconstruction<\/span><\/h1><div class=\"sc_item_descr sc_title_descr sc_align_center\"><p>Ingibj\u00f6rg Lilja \u00d3marsd\u00f3ttir, PhD student in Environmental and Natural Resources Studies at the University of Iceland.<\/p>\n<\/div><\/div>\t\t\t\t<\/div>\n\t\t\t\t<\/div>\n\t\t\t\t<div class=\"elementor-element elementor-element-2f6849d3 elementor-position-inline-start elementor-mobile-position-inline-start elementor-widget__width-auto elementor-view-default sc_fly_static elementor-widget elementor-widget-icon-box\" data-id=\"2f6849d3\" data-element_type=\"widget\" data-e-type=\"widget\" data-widget_type=\"icon-box.default\">\n\t\t\t\t<div class=\"elementor-widget-container\">\n\t\t\t\t\t\t\t<div class=\"elementor-icon-box-wrapper\">\n\n\t\t\t\t\t\t<div class=\"elementor-icon-box-icon\">\n\t\t\t\t<a href=\"https:\/\/hfsu.is\/en\/the-science-and-research-fund-of-south-iceland\/grant-recipients\/\" class=\"elementor-icon\" tabindex=\"-1\" aria-label=\"Go back\">\n\t\t\t\t<i aria-hidden=\"true\" class=\"fas fa-arrow-left\"><\/i>\t\t\t\t<\/a>\n\t\t\t<\/div>\n\t\t\t\n\t\t\t\t\t\t<div class=\"elementor-icon-box-content\">\n\n\t\t\t\t\t\t\t\t\t<span class=\"elementor-icon-box-title\">\n\t\t\t\t\t\t<a href=\"https:\/\/hfsu.is\/en\/the-science-and-research-fund-of-south-iceland\/grant-recipients\/\" >\n\t\t\t\t\t\t\tGo back\t\t\t\t\t\t<\/a>\n\t\t\t\t\t<\/span>\n\t\t\t\t\n\t\t\t\t\n\t\t\t<\/div>\n\t\t\t\n\t\t<\/div>\n\t\t\t\t\t\t<\/div>\n\t\t\t\t<\/div>\n\t\t\t\t<div class=\"elementor-element elementor-element-e78ec37 sc_fly_static elementor-widget elementor-widget-spacer\" data-id=\"e78ec37\" data-element_type=\"widget\" data-e-type=\"widget\" data-widget_type=\"spacer.default\">\n\t\t\t\t<div class=\"elementor-widget-container\">\n\t\t\t\t\t\t\t<div class=\"elementor-spacer\">\n\t\t\t<div class=\"elementor-spacer-inner\"><\/div>\n\t\t<\/div>\n\t\t\t\t\t\t<\/div>\n\t\t\t\t<\/div>\n\t\t\t\t\t<\/div>\n\t\t<\/div>\n\t\t\t\t\t<\/div>\n\t\t<\/section>\n\t\t\t\t<section class=\"elementor-section elementor-top-section elementor-element elementor-element-aba0a7a elementor-section-stretched elementor-section-boxed elementor-section-height-default elementor-section-height-default sc_fly_static\" data-id=\"aba0a7a\" data-element_type=\"section\" data-e-type=\"section\" data-settings=\"{&quot;stretch_section&quot;:&quot;section-stretched&quot;,&quot;background_background&quot;:&quot;classic&quot;}\">\n\t\t\t\t\t\t<div class=\"elementor-container elementor-column-gap-extended\">\n\t\t\t\t\t<div class=\"elementor-column elementor-col-100 elementor-top-column elementor-element elementor-element-cd55551 sc_content_align_inherit sc_layouts_column_icons_position_left sc_fly_static\" data-id=\"cd55551\" data-element_type=\"column\" data-e-type=\"column\">\n\t\t\t<div class=\"elementor-widget-wrap elementor-element-populated\">\n\t\t\t\t\t\t<div class=\"elementor-element elementor-element-e7062fb sc_fly_static elementor-widget elementor-widget-heading\" data-id=\"e7062fb\" data-element_type=\"widget\" data-e-type=\"widget\" data-widget_type=\"heading.default\">\n\t\t\t\t<div class=\"elementor-widget-container\">\n\t\t\t\t\t<h2 class=\"elementor-heading-title elementor-size-default\">Description of project <\/h2>\t\t\t\t<\/div>\n\t\t\t\t<\/div>\n\t\t\t\t<section class=\"elementor-section elementor-inner-section elementor-element elementor-element-3283551 elementor-section-boxed elementor-section-height-default elementor-section-height-default sc_fly_static\" data-id=\"3283551\" data-element_type=\"section\" data-e-type=\"section\">\n\t\t\t\t\t\t<div class=\"elementor-container elementor-column-gap-extended\">\n\t\t\t\t\t<div class=\"elementor-column elementor-col-50 elementor-inner-column elementor-element elementor-element-3a52a81 sc_content_align_inherit sc_layouts_column_icons_position_left sc_fly_static\" data-id=\"3a52a81\" data-element_type=\"column\" data-e-type=\"column\">\n\t\t\t<div class=\"elementor-widget-wrap elementor-element-populated\">\n\t\t\t\t\t\t<div class=\"elementor-element elementor-element-e69d8b8 sc_fly_static elementor-widget elementor-widget-heading\" data-id=\"e69d8b8\" data-element_type=\"widget\" data-e-type=\"widget\" data-widget_type=\"heading.default\">\n\t\t\t\t<div class=\"elementor-widget-container\">\n\t\t\t\t\t<h3 class=\"elementor-heading-title elementor-size-default\">Ingibj\u00f6rg Lilja received a grant in 2018 for his doctoral project \"Resilience of communities following the 2010 Eyjafjallaj\u00f6kull eruption - Residents' view of social support in the recovery process and development\" in Environmental and Natural Resources Studies at the University of Iceland. <\/h3>\t\t\t\t<\/div>\n\t\t\t\t<\/div>\n\t\t\t\t<div class=\"elementor-element elementor-element-81309c9 sc_fly_static elementor-widget elementor-widget-text-editor\" data-id=\"81309c9\" data-element_type=\"widget\" data-e-type=\"widget\" data-widget_type=\"text-editor.default\">\n\t\t\t\t<div class=\"elementor-widget-container\">\n\t\t\t\t\t\t\t\t\t<p>Here she briefly presents her project.<\/p>\n<p>The doctoral project focuses on trauma management and resilience of communities due to natural disasters. The project is a case study that examines the Eyjafjallaj\u00f6kull eruption in 2010. It examines how residents, staff and emergency responders in the municipalities Rang\u00e1r\u00feingi eystra and M\u00fdrdalshreppi considered themselves ready to deal with an eruption before the eruption began, what effects the eruption had, and how they managed to deal with the consequences of the eruption. Two communities located close to the glacier are examined, the farming community under Austur-Eyjafj\u00f6llur and V\u00edk in M\u00fdrdal. Individual interviews were conducted with families in these communities as well as with responders and staff who had an important role to play in the aftermath of the event.<\/p>\n<p>The focus of the study is twofold. On the one hand, it is about the role of social capital and social support when communities deal with the consequences of shocks, and on the other hand, about the organization of the civil defense system in Iceland with regard to those who play an important support role due to social shocks.<\/p>\n\t\t\t\t\t\t\t\t<\/div>\n\t\t\t\t<\/div>\n\t\t\t\t\t<\/div>\n\t\t<\/div>\n\t\t\t\t<div class=\"elementor-column elementor-col-50 elementor-inner-column elementor-element elementor-element-dfc5d96 sc_content_align_inherit sc_layouts_column_icons_position_left sc_fly_static\" data-id=\"dfc5d96\" data-element_type=\"column\" data-e-type=\"column\">\n\t\t\t<div class=\"elementor-widget-wrap elementor-element-populated\">\n\t\t\t\t\t\t<div class=\"elementor-element elementor-element-e17aa04 sc_fly_static elementor-widget elementor-widget-image\" data-id=\"e17aa04\" data-element_type=\"widget\" data-e-type=\"widget\" data-widget_type=\"image.default\">\n\t\t\t\t<div class=\"elementor-widget-container\">\n\t\t\t\t\t\t\t\t\t\t\t\t<figure class=\"wp-caption\">\n\t\t\t\t\t\t\t\t\t\t<img fetchpriority=\"high\" decoding=\"async\" width=\"1024\" height=\"683\" src=\"https:\/\/hfsu.is\/wp-content\/uploads\/2024\/01\/KRI_ingibjorg_lilja_200901_001-1024x683.jpg\" class=\"attachment-large size-large wp-image-25351\" alt=\"Ingibj\u00f6rg Lilja \u00d3marsd\u00f3ttir\" srcset=\"https:\/\/hfsu.is\/wp-content\/uploads\/2024\/01\/KRI_ingibjorg_lilja_200901_001-1024x683.jpg 1024w, https:\/\/hfsu.is\/wp-content\/uploads\/2024\/01\/KRI_ingibjorg_lilja_200901_001-300x200.jpg 300w, https:\/\/hfsu.is\/wp-content\/uploads\/2024\/01\/KRI_ingibjorg_lilja_200901_001-768x512.jpg 768w, https:\/\/hfsu.is\/wp-content\/uploads\/2024\/01\/KRI_ingibjorg_lilja_200901_001-1536x1024.jpg 1536w, https:\/\/hfsu.is\/wp-content\/uploads\/2024\/01\/KRI_ingibjorg_lilja_200901_001-370x247.jpg 370w, https:\/\/hfsu.is\/wp-content\/uploads\/2024\/01\/KRI_ingibjorg_lilja_200901_001-840x560.jpg 840w, https:\/\/hfsu.is\/wp-content\/uploads\/2024\/01\/KRI_ingibjorg_lilja_200901_001-410x273.jpg 410w, https:\/\/hfsu.is\/wp-content\/uploads\/2024\/01\/KRI_ingibjorg_lilja_200901_001.jpg 1920w\" sizes=\"(max-width: 1024px) 100vw, 1024px\" \/>\t\t\t\t\t\t\t\t\t\t\t<figcaption class=\"widget-image-caption wp-caption-text\">Ingibj\u00f6rg Lilja \u00d3marsd\u00f3ttir.<\/figcaption>\n\t\t\t\t\t\t\t\t\t\t<\/figure>\n\t\t\t\t\t\t\t\t\t<\/div>\n\t\t\t\t<\/div>\n\t\t\t\t\t<\/div>\n\t\t<\/div>\n\t\t\t\t\t<\/div>\n\t\t<\/section>\n\t\t\t\t\t<\/div>\n\t\t<\/div>\n\t\t\t\t\t<\/div>\n\t\t<\/section>\n\t\t\t\t<section class=\"elementor-section-with-custom-width elementor-section elementor-top-section elementor-element elementor-element-7c78fa6 elementor-section-boxed elementor-section-height-default elementor-section-height-default sc_fly_static\" data-id=\"7c78fa6\" data-element_type=\"section\" data-e-type=\"section\">\n\t\t\t\t\t\t<div class=\"elementor-container elementor-column-gap-extended\">\n\t\t\t\t\t<div class=\"elementor-column elementor-col-100 elementor-top-column elementor-element elementor-element-be408e2 sc_content_align_inherit sc_layouts_column_icons_position_left sc_fly_static\" data-id=\"be408e2\" data-element_type=\"column\" data-e-type=\"column\">\n\t\t\t<div class=\"elementor-widget-wrap elementor-element-populated\">\n\t\t\t\t\t\t<div class=\"elementor-element elementor-element-9da327c sc_fly_static elementor-widget elementor-widget-heading\" data-id=\"9da327c\" data-element_type=\"widget\" data-e-type=\"widget\" data-widget_type=\"heading.default\">\n\t\t\t\t<div class=\"elementor-widget-container\">\n\t\t\t\t\t<h3 class=\"elementor-heading-title elementor-size-default\">Strong southern appeal <\/h3>\t\t\t\t<\/div>\n\t\t\t\t<\/div>\n\t\t\t\t<div class=\"elementor-element elementor-element-c4e42a5 elementor-widget__width-auto sc_fly_static elementor-widget elementor-widget-text-editor\" data-id=\"c4e42a5\" data-element_type=\"widget\" data-e-type=\"widget\" data-widget_type=\"text-editor.default\">\n\t\t\t\t<div class=\"elementor-widget-container\">\n\t\t\t\t\t\t\t\t\t<p>The project focuses on an event that happened in South Iceland in 2010, or the Eyjafjallaj\u00f6kull eruption, and its impact on communities in South Iceland. Many of the main volcanoes in Iceland are located in the South, and as a result there are many communities in this territory that may have to deal with the consequences of volcanic eruptions. Therefore, the results of this research can be useful to more communities than those related to the project. The transfer of knowledge between societies is one of the fundamentals when it comes to resilience and resilience due to natural disasters. It is extremely important that communities share new knowledge following severe events with other communities that may have to deal with similar events in order to strengthen their resilience. <\/p>\n\t\t\t\t\t\t\t\t<\/div>\n\t\t\t\t<\/div>\n\t\t\t\t<div class=\"elementor-element elementor-element-a8d820f sc_fly_static elementor-widget elementor-widget-heading\" data-id=\"a8d820f\" data-element_type=\"widget\" data-e-type=\"widget\" data-widget_type=\"heading.default\">\n\t\t\t\t<div class=\"elementor-widget-container\">\n\t\t\t\t\t<h3 class=\"elementor-heading-title elementor-size-default\">A lot of information related to the children<\/h3>\t\t\t\t<\/div>\n\t\t\t\t<\/div>\n\t\t\t\t<div class=\"elementor-element elementor-element-263fd14 elementor-widget__width-auto sc_fly_static elementor-widget elementor-widget-text-editor\" data-id=\"263fd14\" data-element_type=\"widget\" data-e-type=\"widget\" data-widget_type=\"text-editor.default\">\n\t\t\t\t<div class=\"elementor-widget-container\">\n\t\t\t\t\t\t\t\t\t<p>The doctoral research is still ongoing. All data has been collected and its analysis is well underway. The first of four articles, about residents&#8217; views on social support in recovery and reconstruction, has been published. Writing continues on article two and three, which deal with the children and the effects of the eruption. The fourth article will focus on the views of staff and responders. The data turned out to be particularly rich in information related to the children, so I decided to add one article about them to answer the questions that arose during the data collection process.<\/p>\n\t\t\t\t\t\t\t\t<\/div>\n\t\t\t\t<\/div>\n\t\t\t\t<div class=\"elementor-element elementor-element-6e7e491 sc_fly_static elementor-widget elementor-widget-heading\" data-id=\"6e7e491\" data-element_type=\"widget\" data-e-type=\"widget\" data-widget_type=\"heading.default\">\n\t\t\t\t<div class=\"elementor-widget-container\">\n\t\t\t\t\t<h3 class=\"elementor-heading-title elementor-size-default\">The grant supported the research work<\/h3>\t\t\t\t<\/div>\n\t\t\t\t<\/div>\n\t\t\t\t<div class=\"elementor-element elementor-element-1d1bcda sc_fly_static elementor-widget elementor-widget-text-editor\" data-id=\"1d1bcda\" data-element_type=\"widget\" data-e-type=\"widget\" data-widget_type=\"text-editor.default\">\n\t\t\t\t<div class=\"elementor-widget-container\">\n\t\t\t\t\t\t\t\t\tThis grant was crucial\nto my work in the research. He allowed me to stay in\nSouth Iceland during the data collection and focus only on\nthe data collection until it was finished. At the same time, the scholarship gave me the opportunity to\nget to know the conditions of these two communities and an insight into local practices that I\nwould not have been able to gain if I had not been able to stay in the South during this\nperiod. \t\t\t\t\t\t\t\t<\/div>\n\t\t\t\t<\/div>\n\t\t\t\t<div class=\"elementor-element elementor-element-8fa556d sc_fly_static elementor-widget elementor-widget-heading\" data-id=\"8fa556d\" data-element_type=\"widget\" data-e-type=\"widget\" data-widget_type=\"heading.default\">\n\t\t\t\t<div class=\"elementor-widget-container\">\n\t\t\t\t\t<h4 class=\"elementor-heading-title elementor-size-default\">You can read a published article about the study here.<\/h4>\t\t\t\t<\/div>\n\t\t\t\t<\/div>\n\t\t\t\t<div class=\"elementor-element elementor-element-ad6e766 sc_fly_static elementor-widget elementor-widget-text-editor\" data-id=\"ad6e766\" data-element_type=\"widget\" data-e-type=\"widget\" data-widget_type=\"text-editor.default\">\n\t\t\t\t<div class=\"elementor-widget-container\">\n\t\t\t\t\t\t\t\t\t<ul>\n<li>\n<p class=\"xxmsonormal\" style=\"vertical-align: baseline;\"><a href=\"https:\/\/www.sciencedirect.com\/science\/article\/pii\/S2212420922004915\" target=\"_blank\" rel=\"noopener\">Science Direct<\/a><\/p>\n<\/li>\n<\/ul>\n\t\t\t\t\t\t\t\t<\/div>\n\t\t\t\t<\/div>\n\t\t\t\t\t<\/div>\n\t\t<\/div>\n\t\t\t\t\t<\/div>\n\t\t<\/section>\n\t\t\t\t<section class=\"elementor-section elementor-top-section elementor-element elementor-element-583f27f elementor-section-boxed elementor-section-height-default elementor-section-height-default sc_fly_static\" data-id=\"583f27f\" data-element_type=\"section\" data-e-type=\"section\">\n\t\t\t\t\t\t<div class=\"elementor-container elementor-column-gap-extended\">\n\t\t\t\t\t<div class=\"elementor-column elementor-col-100 elementor-top-column elementor-element elementor-element-769f0b7 sc_content_align_inherit sc_layouts_column_icons_position_left sc_fly_static\" data-id=\"769f0b7\" data-element_type=\"column\" data-e-type=\"column\">\n\t\t\t<div class=\"elementor-widget-wrap elementor-element-populated\">\n\t\t\t\t\t\t<div class=\"elementor-element elementor-element-ed32c1a sc_fly_static elementor-widget elementor-widget-image\" data-id=\"ed32c1a\" data-element_type=\"widget\" data-e-type=\"widget\" data-widget_type=\"image.default\">\n\t\t\t\t<div class=\"elementor-widget-container\">\n\t\t\t\t\t\t\t\t\t\t\t\t<figure class=\"wp-caption\">\n\t\t\t\t\t\t\t\t\t\t<img decoding=\"async\" width=\"1024\" height=\"682\" src=\"https:\/\/hfsu.is\/wp-content\/uploads\/2024\/01\/Eyjafjallajokull-_Gunnar-Gestur-1024x682.jpg\" class=\"attachment-large size-large wp-image-25353\" alt=\"\" srcset=\"https:\/\/hfsu.is\/wp-content\/uploads\/2024\/01\/Eyjafjallajokull-_Gunnar-Gestur-1024x682.jpg 1024w, https:\/\/hfsu.is\/wp-content\/uploads\/2024\/01\/Eyjafjallajokull-_Gunnar-Gestur-300x200.jpg 300w, https:\/\/hfsu.is\/wp-content\/uploads\/2024\/01\/Eyjafjallajokull-_Gunnar-Gestur-768x512.jpg 768w, https:\/\/hfsu.is\/wp-content\/uploads\/2024\/01\/Eyjafjallajokull-_Gunnar-Gestur-370x247.jpg 370w, https:\/\/hfsu.is\/wp-content\/uploads\/2024\/01\/Eyjafjallajokull-_Gunnar-Gestur-840x560.jpg 840w, https:\/\/hfsu.is\/wp-content\/uploads\/2024\/01\/Eyjafjallajokull-_Gunnar-Gestur-410x273.jpg 410w, https:\/\/hfsu.is\/wp-content\/uploads\/2024\/01\/Eyjafjallajokull-_Gunnar-Gestur.jpg 1379w\" sizes=\"(max-width: 1024px) 100vw, 1024px\" \/>\t\t\t\t\t\t\t\t\t\t\t<figcaption class=\"widget-image-caption wp-caption-text\">Photo from the grant holder's collection. (Gunnar Gestur photographer)<\/figcaption>\n\t\t\t\t\t\t\t\t\t\t<\/figure>\n\t\t\t\t\t\t\t\t\t<\/div>\n\t\t\t\t<\/div>\n\t\t\t\t\t<\/div>\n\t\t<\/div>\n\t\t\t\t\t<\/div>\n\t\t<\/section>\n\t\t\t\t<\/div>\n\t\t","protected":false},"excerpt":{"rendered":"<p>The Science and Research Fund Resilience of communities following the 2010 Eyjafjallaj\u00f6kull eruption &#8211; Residents&#8217;&hellip;<\/p>\n","protected":false},"author":1,"featured_media":23805,"parent":24351,"menu_order":0,"comment_status":"closed","ping_status":"closed","template":"","meta":{"footnotes":""},"class_list":["post-25347","page","type-page","status-publish","has-post-thumbnail","hentry"],"_links":{"self":[{"href":"https:\/\/hfsu.is\/en\/wp-json\/wp\/v2\/pages\/25347","targetHints":{"allow":["GET"]}}],"collection":[{"href":"https:\/\/hfsu.is\/en\/wp-json\/wp\/v2\/pages"}],"about":[{"href":"https:\/\/hfsu.is\/en\/wp-json\/wp\/v2\/types\/page"}],"author":[{"embeddable":true,"href":"https:\/\/hfsu.is\/en\/wp-json\/wp\/v2\/users\/1"}],"replies":[{"embeddable":true,"href":"https:\/\/hfsu.is\/en\/wp-json\/wp\/v2\/comments?post=25347"}],"version-history":[{"count":4,"href":"https:\/\/hfsu.is\/en\/wp-json\/wp\/v2\/pages\/25347\/revisions"}],"predecessor-version":[{"id":25444,"href":"https:\/\/hfsu.is\/en\/wp-json\/wp\/v2\/pages\/25347\/revisions\/25444"}],"up":[{"embeddable":true,"href":"https:\/\/hfsu.is\/en\/wp-json\/wp\/v2\/pages\/24351"}],"wp:featuredmedia":[{"embeddable":true,"href":"https:\/\/hfsu.is\/en\/wp-json\/wp\/v2\/media\/23805"}],"wp:attachment":[{"href":"https:\/\/hfsu.is\/en\/wp-json\/wp\/v2\/media?parent=25347"}],"curies":[{"name":"wp","href":"https:\/\/api.w.org\/{rel}","templated":true}]}}