{"id":27877,"date":"2025-09-10T14:21:14","date_gmt":"2025-09-10T14:21:14","guid":{"rendered":"https:\/\/hfsu.is\/?page_id=27877"},"modified":"2025-09-10T14:32:00","modified_gmt":"2025-09-10T14:32:00","slug":"bridge-to-employment","status":"publish","type":"page","link":"https:\/\/hfsu.is\/en\/bridge-to-employment\/","title":{"rendered":"Bridge to employment"},"content":{"rendered":"\t\t<div data-elementor-type=\"wp-page\" data-elementor-id=\"27877\" class=\"elementor elementor-27877 elementor-27876\">\n\t\t\t\t\t\t<section class=\"elementor-section elementor-top-section elementor-element elementor-element-1d26ddc elementor-section-boxed elementor-section-height-default elementor-section-height-default sc_fly_static\" data-id=\"1d26ddc\" data-element_type=\"section\" data-e-type=\"section\">\n\t\t\t\t\t\t<div class=\"elementor-container elementor-column-gap-extended\">\n\t\t\t\t\t<div class=\"elementor-column elementor-col-100 elementor-top-column elementor-element elementor-element-427363a sc_content_align_inherit sc_layouts_column_icons_position_left sc_fly_static\" data-id=\"427363a\" data-element_type=\"column\" data-e-type=\"column\">\n\t\t\t<div class=\"elementor-widget-wrap elementor-element-populated\">\n\t\t\t\t\t\t<div class=\"elementor-element elementor-element-d2e3d41 sc_fly_static elementor-widget elementor-widget-trx_sc_title\" data-id=\"d2e3d41\" data-element_type=\"widget\" data-e-type=\"widget\" data-widget_type=\"trx_sc_title.default\">\n\t\t\t\t<div class=\"elementor-widget-container\">\n\t\t\t\t\t<div\t\tclass=\"sc_title sc_title_accent\" ><h1 class=\"sc_item_title sc_title_title sc_item_title_style_accent sc_item_title_tag\"\n\t\t\t><span class=\"sc_item_title_text\">Bridge to employment<\/span><\/h1><span class=\"sc_item_subtitle sc_title_subtitle sc_item_subtitle_below sc_item_title_style_accent\">People and community resources<\/span><\/div>\t\t\t\t<\/div>\n\t\t\t\t<\/div>\n\t\t\t\t\t<\/div>\n\t\t<\/div>\n\t\t\t\t\t<\/div>\n\t\t<\/section>\n\t\t\t\t<section class=\"elementor-section elementor-top-section elementor-element elementor-element-b41e157 elementor-section-boxed elementor-section-height-default elementor-section-height-default sc_fly_static\" data-id=\"b41e157\" data-element_type=\"section\" data-e-type=\"section\">\n\t\t\t\t\t\t<div class=\"elementor-container elementor-column-gap-extended\">\n\t\t\t\t\t<div class=\"elementor-column elementor-col-50 elementor-top-column elementor-element elementor-element-cd2881b sc_content_align_inherit sc_layouts_column_icons_position_left sc_fly_static\" data-id=\"cd2881b\" data-element_type=\"column\" data-e-type=\"column\">\n\t\t\t<div class=\"elementor-widget-wrap elementor-element-populated\">\n\t\t\t\t\t\t<div class=\"elementor-element elementor-element-b88cc40 sc_fly_static elementor-widget elementor-widget-heading\" data-id=\"b88cc40\" data-element_type=\"widget\" data-e-type=\"widget\" data-widget_type=\"heading.default\">\n\t\t\t\t<div class=\"elementor-widget-container\">\n\t\t\t\t\t<h4 class=\"elementor-heading-title elementor-size-default\"> The bridge to employment project aims to promote and strengthen the university community in the South by creating a platform for collaboration between university students, employers and the community in the South.<\/h4>\t\t\t\t<\/div>\n\t\t\t\t<\/div>\n\t\t\t\t<div class=\"elementor-element elementor-element-358515c sc_fly_static elementor-widget elementor-widget-text-editor\" data-id=\"358515c\" data-element_type=\"widget\" data-e-type=\"widget\" data-widget_type=\"text-editor.default\">\n\t\t\t\t<div class=\"elementor-widget-container\">\n\t\t\t\t\t\t\t\t\t<p>The purpose of this platform is to increase dialogue between students and employers and to support and open opportunities for growth. <br>This creates an opportunity to strengthen business activities and diversity in southern society. Cooperation across disciplines is considered and special emphasis is placed on support for university students with a research project and\/or in search of research material with a Southern appeal.<\/p>\t\t\t\t\t\t\t\t<\/div>\n\t\t\t\t<\/div>\n\t\t\t\t<section class=\"elementor-section elementor-inner-section elementor-element elementor-element-4cc4f0b6 elementor-section-boxed elementor-section-height-default elementor-section-height-default sc_fly_static\" data-id=\"4cc4f0b6\" data-element_type=\"section\" data-e-type=\"section\">\n\t\t\t\t\t\t<div class=\"elementor-container elementor-column-gap-no\">\n\t\t\t\t\t<div class=\"elementor-column elementor-col-100 elementor-inner-column elementor-element elementor-element-37c44f45 sc_content_align_inherit sc_layouts_column_icons_position_left sc_fly_static\" data-id=\"37c44f45\" data-element_type=\"column\" data-e-type=\"column\">\n\t\t\t<div class=\"elementor-widget-wrap elementor-element-populated\">\n\t\t\t\t\t\t<div class=\"elementor-element elementor-element-5d81c3a sc_fly_static elementor-widget elementor-widget-text-editor\" data-id=\"5d81c3a\" data-element_type=\"widget\" data-e-type=\"widget\" data-widget_type=\"text-editor.default\">\n\t\t\t\t<div class=\"elementor-widget-container\">\n\t\t\t\t\t\t\t\t\t<h3 style=\"text-align: center;\"><strong>N\u00e6stu n\u00e1mskei\u00f0:<\/strong><\/h3><p><a href=\"https:\/\/hfsu.is\/vinnustofa-i-nyskopun-og-gervigreind\/\">24. september 2025: Vinnustofa \u00ed n\u00fdsk\u00f6pun og gervigreind.<\/a><\/p><p><a href=\"https:\/\/forms.office.com\/e\/CEBWN8iRmF\" target=\"_blank\" rel=\"noopener\">20. jan\u00faar 2026: Fundarstj\u00f3rnun me\u00f0 Katr\u00ednu Jak.<\/a><\/p>\t\t\t\t\t\t\t\t<\/div>\n\t\t\t\t<\/div>\n\t\t\t\t\t<\/div>\n\t\t<\/div>\n\t\t\t\t\t<\/div>\n\t\t<\/section>\n\t\t\t\t\t<\/div>\n\t\t<\/div>\n\t\t\t\t<div class=\"elementor-column elementor-col-50 elementor-top-column elementor-element elementor-element-4c37ada sc_content_align_inherit sc_layouts_column_icons_position_left sc_fly_static\" data-id=\"4c37ada\" data-element_type=\"column\" data-e-type=\"column\">\n\t\t\t<div class=\"elementor-widget-wrap elementor-element-populated\">\n\t\t\t\t\t\t<div class=\"elementor-element elementor-element-b3f2d8c elementor-widget__width-inherit sc_fly_static elementor-widget elementor-widget-image\" data-id=\"b3f2d8c\" data-element_type=\"widget\" data-e-type=\"widget\" data-widget_type=\"image.default\">\n\t\t\t\t<div class=\"elementor-widget-container\">\n\t\t\t\t\t\t\t\t\t\t\t\t\t\t\t<img fetchpriority=\"high\" decoding=\"async\" width=\"768\" height=\"1024\" src=\"https:\/\/hfsu.is\/wp-content\/uploads\/2025\/04\/hugmyndadagar-4-768x1024.jpg\" class=\"attachment-large size-large wp-image-27502\" alt=\"\" srcset=\"https:\/\/hfsu.is\/wp-content\/uploads\/2025\/04\/hugmyndadagar-4-768x1024.jpg 768w, https:\/\/hfsu.is\/wp-content\/uploads\/2025\/04\/hugmyndadagar-4-225x300.jpg 225w, https:\/\/hfsu.is\/wp-content\/uploads\/2025\/04\/hugmyndadagar-4-1152x1536.jpg 1152w, https:\/\/hfsu.is\/wp-content\/uploads\/2025\/04\/hugmyndadagar-4-370x493.jpg 370w, https:\/\/hfsu.is\/wp-content\/uploads\/2025\/04\/hugmyndadagar-4-840x1120.jpg 840w, https:\/\/hfsu.is\/wp-content\/uploads\/2025\/04\/hugmyndadagar-4-410x547.jpg 410w, https:\/\/hfsu.is\/wp-content\/uploads\/2025\/04\/hugmyndadagar-4.jpg 1440w\" sizes=\"(max-width: 768px) 100vw, 768px\" \/>\t\t\t\t\t\t\t\t\t\t\t\t\t\t\t<\/div>\n\t\t\t\t<\/div>\n\t\t\t\t\t<\/div>\n\t\t<\/div>\n\t\t\t\t\t<\/div>\n\t\t<\/section>\n\t\t\t\t<section class=\"elementor-section elementor-top-section elementor-element elementor-element-79bd0093 elementor-section-stretched elementor-reverse-tablet elementor-reverse-mobile elementor-section-boxed elementor-section-height-default elementor-section-height-default sc_fly_static\" data-id=\"79bd0093\" data-element_type=\"section\" data-e-type=\"section\" data-settings=\"{&quot;stretch_section&quot;:&quot;section-stretched&quot;,&quot;background_background&quot;:&quot;classic&quot;}\">\n\t\t\t\t\t\t<div class=\"elementor-container elementor-column-gap-extended\">\n\t\t\t\t\t<div class=\"elementor-column elementor-col-33 elementor-top-column elementor-element elementor-element-d70313b sc_content_align_inherit sc_layouts_column_icons_position_left sc_fly_static\" data-id=\"d70313b\" data-element_type=\"column\" data-e-type=\"column\">\n\t\t\t<div class=\"elementor-widget-wrap elementor-element-populated\">\n\t\t\t\t\t\t<div class=\"elementor-element elementor-element-19096aea sc_fly_static elementor-widget elementor-widget-heading\" data-id=\"19096aea\" data-element_type=\"widget\" data-e-type=\"widget\" data-widget_type=\"heading.default\">\n\t\t\t\t<div class=\"elementor-widget-container\">\n\t\t\t\t\t<h3 class=\"elementor-heading-title elementor-size-default\">Further information<\/h3>\t\t\t\t<\/div>\n\t\t\t\t<\/div>\n\t\t\t\t<div class=\"elementor-element elementor-element-3167a8f8 sc_fly_static elementor-widget elementor-widget-spacer\" data-id=\"3167a8f8\" data-element_type=\"widget\" data-e-type=\"widget\" data-widget_type=\"spacer.default\">\n\t\t\t\t<div class=\"elementor-widget-container\">\n\t\t\t\t\t\t\t<div class=\"elementor-spacer\">\n\t\t\t<div class=\"elementor-spacer-inner\"><\/div>\n\t\t<\/div>\n\t\t\t\t\t\t<\/div>\n\t\t\t\t<\/div>\n\t\t\t\t\t<\/div>\n\t\t<\/div>\n\t\t\t\t<div class=\"elementor-column elementor-col-33 elementor-top-column elementor-element elementor-element-789b99f3 sc_content_align_inherit sc_layouts_column_icons_position_left sc_fly_static\" data-id=\"789b99f3\" data-element_type=\"column\" data-e-type=\"column\">\n\t\t\t<div class=\"elementor-widget-wrap elementor-element-populated\">\n\t\t\t\t\t\t<div class=\"elementor-element elementor-element-63b37343 sc_fly_static elementor-widget elementor-widget-spacer\" data-id=\"63b37343\" data-element_type=\"widget\" data-e-type=\"widget\" data-widget_type=\"spacer.default\">\n\t\t\t\t<div class=\"elementor-widget-container\">\n\t\t\t\t\t\t\t<div class=\"elementor-spacer\">\n\t\t\t<div class=\"elementor-spacer-inner\"><\/div>\n\t\t<\/div>\n\t\t\t\t\t\t<\/div>\n\t\t\t\t<\/div>\n\t\t\t\t\t<\/div>\n\t\t<\/div>\n\t\t\t\t<div class=\"elementor-column elementor-col-33 elementor-top-column elementor-element elementor-element-f175295 sc_content_align_inherit sc_layouts_column_icons_position_left sc_fly_static\" data-id=\"f175295\" data-element_type=\"column\" data-e-type=\"column\">\n\t\t\t<div class=\"elementor-widget-wrap elementor-element-populated\">\n\t\t\t\t\t\t<div class=\"elementor-element elementor-element-69792020 sc_fly_static elementor-widget elementor-widget-accordion\" data-id=\"69792020\" data-element_type=\"widget\" data-e-type=\"widget\" data-widget_type=\"accordion.default\">\n\t\t\t\t<div class=\"elementor-widget-container\">\n\t\t\t\t\t\t\t<div class=\"elementor-accordion\">\n\t\t\t\t\t\t\t<div class=\"elementor-accordion-item\">\n\t\t\t\t\t<div id=\"elementor-tab-title-1761\" class=\"elementor-tab-title\" data-tab=\"1\" role=\"button\" aria-controls=\"elementor-tab-content-1761\" aria-expanded=\"false\">\n\t\t\t\t\t\t\t\t\t\t\t\t\t<span class=\"elementor-accordion-icon elementor-accordion-icon-left\" aria-hidden=\"true\">\n\t\t\t\t\t\t\t\t\t\t\t\t\t\t\t<span class=\"elementor-accordion-icon-closed\"><i class=\"fas fa-plus\"><\/i><\/span>\n\t\t\t\t\t\t\t\t<span class=\"elementor-accordion-icon-opened\"><i class=\"fas fa-minus\"><\/i><\/span>\n\t\t\t\t\t\t\t\t\t\t\t\t\t\t<\/span>\n\t\t\t\t\t\t\t\t\t\t\t\t<a class=\"elementor-accordion-title\" tabindex=\"0\">Who can participate?<\/a>\n\t\t\t\t\t<\/div>\n\t\t\t\t\t<div id=\"elementor-tab-content-1761\" class=\"elementor-tab-content elementor-clearfix\" data-tab=\"1\" role=\"region\" aria-labelledby=\"elementor-tab-title-1761\"><p>Anyone interested in supporting the southern university community. This includes individuals, companies, institutions or non-profit organizations. Participation consists in providing information, supporting projects in the form of knowledge and experience, providing opportunities and creating a platform for students and\/or companies with a southern connection to grow and prosper.<\/p>\n<\/div>\n\t\t\t\t<\/div>\n\t\t\t\t\t\t\t<div class=\"elementor-accordion-item\">\n\t\t\t\t\t<div id=\"elementor-tab-title-1762\" class=\"elementor-tab-title\" data-tab=\"2\" role=\"button\" aria-controls=\"elementor-tab-content-1762\" aria-expanded=\"false\">\n\t\t\t\t\t\t\t\t\t\t\t\t\t<span class=\"elementor-accordion-icon elementor-accordion-icon-left\" aria-hidden=\"true\">\n\t\t\t\t\t\t\t\t\t\t\t\t\t\t\t<span class=\"elementor-accordion-icon-closed\"><i class=\"fas fa-plus\"><\/i><\/span>\n\t\t\t\t\t\t\t\t<span class=\"elementor-accordion-icon-opened\"><i class=\"fas fa-minus\"><\/i><\/span>\n\t\t\t\t\t\t\t\t\t\t\t\t\t\t<\/span>\n\t\t\t\t\t\t\t\t\t\t\t\t<a class=\"elementor-accordion-title\" tabindex=\"0\">Do I have to commit by participating?<\/a>\n\t\t\t\t\t<\/div>\n\t\t\t\t\t<div id=\"elementor-tab-content-1762\" class=\"elementor-tab-content elementor-clearfix\" data-tab=\"2\" role=\"region\" aria-labelledby=\"elementor-tab-title-1762\"><p>Everyone who registers begins their road trip without commitment and only gives up the time that is available in their schedule. In some cases, it is necessary to sign contracts regarding vocational training or work contribution, and it is then a commitment between the students, the university and the company\/institution. Other projects flow according to the circumstances and the contribution of those who come together.<\/p>\n<\/div>\n\t\t\t\t<\/div>\n\t\t\t\t\t\t\t<div class=\"elementor-accordion-item\">\n\t\t\t\t\t<div id=\"elementor-tab-title-1763\" class=\"elementor-tab-title\" data-tab=\"3\" role=\"button\" aria-controls=\"elementor-tab-content-1763\" aria-expanded=\"false\">\n\t\t\t\t\t\t\t\t\t\t\t\t\t<span class=\"elementor-accordion-icon elementor-accordion-icon-left\" aria-hidden=\"true\">\n\t\t\t\t\t\t\t\t\t\t\t\t\t\t\t<span class=\"elementor-accordion-icon-closed\"><i class=\"fas fa-plus\"><\/i><\/span>\n\t\t\t\t\t\t\t\t<span class=\"elementor-accordion-icon-opened\"><i class=\"fas fa-minus\"><\/i><\/span>\n\t\t\t\t\t\t\t\t\t\t\t\t\t\t<\/span>\n\t\t\t\t\t\t\t\t\t\t\t\t<a class=\"elementor-accordion-title\" tabindex=\"0\">How long will I be on the list if I register as a company or organization? <\/a>\n\t\t\t\t\t<\/div>\n\t\t\t\t\t<div id=\"elementor-tab-content-1763\" class=\"elementor-tab-content elementor-clearfix\" data-tab=\"3\" role=\"region\" aria-labelledby=\"elementor-tab-title-1763\"><p>It is entirely up to you to decide how long you want to be involved in the project. Everyone on the list can expect to be matched with different people, but it depends on supply and demand. <\/p>\n<\/div>\n\t\t\t\t<\/div>\n\t\t\t\t\t\t\t<div class=\"elementor-accordion-item\">\n\t\t\t\t\t<div id=\"elementor-tab-title-1764\" class=\"elementor-tab-title\" data-tab=\"4\" role=\"button\" aria-controls=\"elementor-tab-content-1764\" aria-expanded=\"false\">\n\t\t\t\t\t\t\t\t\t\t\t\t\t<span class=\"elementor-accordion-icon elementor-accordion-icon-left\" aria-hidden=\"true\">\n\t\t\t\t\t\t\t\t\t\t\t\t\t\t\t<span class=\"elementor-accordion-icon-closed\"><i class=\"fas fa-plus\"><\/i><\/span>\n\t\t\t\t\t\t\t\t<span class=\"elementor-accordion-icon-opened\"><i class=\"fas fa-minus\"><\/i><\/span>\n\t\t\t\t\t\t\t\t\t\t\t\t\t\t<\/span>\n\t\t\t\t\t\t\t\t\t\t\t\t<a class=\"elementor-accordion-title\" tabindex=\"0\">How much does it cost to join?<\/a>\n\t\t\t\t\t<\/div>\n\t\t\t\t\t<div id=\"elementor-tab-content-1764\" class=\"elementor-tab-content elementor-clearfix\" data-tab=\"4\" role=\"region\" aria-labelledby=\"elementor-tab-title-1764\"><p>Participation is free and it is proposed that there is no need to pay for participation in the project.<\/p>\n<\/div>\n\t\t\t\t<\/div>\n\t\t\t\t\t\t\t<div class=\"elementor-accordion-item\">\n\t\t\t\t\t<div id=\"elementor-tab-title-1765\" class=\"elementor-tab-title\" data-tab=\"5\" role=\"button\" aria-controls=\"elementor-tab-content-1765\" aria-expanded=\"false\">\n\t\t\t\t\t\t\t\t\t\t\t\t\t<span class=\"elementor-accordion-icon elementor-accordion-icon-left\" aria-hidden=\"true\">\n\t\t\t\t\t\t\t\t\t\t\t\t\t\t\t<span class=\"elementor-accordion-icon-closed\"><i class=\"fas fa-plus\"><\/i><\/span>\n\t\t\t\t\t\t\t\t<span class=\"elementor-accordion-icon-opened\"><i class=\"fas fa-minus\"><\/i><\/span>\n\t\t\t\t\t\t\t\t\t\t\t\t\t\t<\/span>\n\t\t\t\t\t\t\t\t\t\t\t\t<a class=\"elementor-accordion-title\" tabindex=\"0\">How do I register?<\/a>\n\t\t\t\t\t<\/div>\n\t\t\t\t\t<div id=\"elementor-tab-content-1765\" class=\"elementor-tab-content elementor-clearfix\" data-tab=\"5\" role=\"region\" aria-labelledby=\"elementor-tab-title-1765\"><p>You can register by clicking on the registration form above.<br \/> You can also send an email to <a href=\"mailto:helga@hfsu.is\">helga@hfsu.is<\/a> for more information and registration.<\/p>\n<\/div>\n\t\t\t\t<\/div>\n\t\t\t\t\t\t\t\t\t\t<script type=\"application\/ld+json\">{\"@context\":\"https:\\\/\\\/schema.org\",\"@type\":\"FAQPage\",\"mainEntity\":[{\"@type\":\"Question\",\"name\":\"Who can participate?\",\"acceptedAnswer\":{\"@type\":\"Answer\",\"text\":\"<p>Anyone interested in supporting the southern university community. This includes individuals, companies, institutions or non-profit organizations. Participation consists in providing information, supporting projects in the form of knowledge and experience, providing opportunities and creating a platform for students and\\\/or companies with a southern connection to grow and prosper.<\\\/p>\\n\"}},{\"@type\":\"Question\",\"name\":\"Do I have to commit by participating?\",\"acceptedAnswer\":{\"@type\":\"Answer\",\"text\":\"<p>Everyone who registers begins their road trip without commitment and only gives up the time that is available in their schedule. In some cases, it is necessary to sign contracts regarding vocational training or work contribution, and it is then a commitment between the students, the university and the company\\\/institution. Other projects flow according to the circumstances and the contribution of those who come together.<\\\/p>\\n\"}},{\"@type\":\"Question\",\"name\":\"How long will I be on the list if I register as a company or organization?\",\"acceptedAnswer\":{\"@type\":\"Answer\",\"text\":\"<p>It is entirely up to you to decide how long you want to be involved in the project. Everyone on the list can expect to be matched with different people, but it depends on supply and demand. <\\\/p>\\n\"}},{\"@type\":\"Question\",\"name\":\"How much does it cost to join?\",\"acceptedAnswer\":{\"@type\":\"Answer\",\"text\":\"<p>Participation is free and it is proposed that there is no need to pay for participation in the project.<\\\/p>\\n\"}},{\"@type\":\"Question\",\"name\":\"How do I register?\",\"acceptedAnswer\":{\"@type\":\"Answer\",\"text\":\"<p>You can register by clicking on the registration form above.<br \\\/> You can also send an email to <a href=\\\"mailto:helga@hfsu.is\\\">helga@hfsu.is<\\\/a> for more information and registration.<\\\/p>\\n\"}}]}<\/script>\n\t\t\t\t\t<\/div>\n\t\t\t\t\t\t<\/div>\n\t\t\t\t<\/div>\n\t\t\t\t\t<\/div>\n\t\t<\/div>\n\t\t\t\t\t<\/div>\n\t\t<\/section>\n\t\t\t\t<\/div>\n\t\t","protected":false},"excerpt":{"rendered":"<p>Bridge to employment People and community resources The bridge to employment project aims to promote&hellip;<\/p>\n","protected":false},"author":10,"featured_media":0,"parent":0,"menu_order":1,"comment_status":"closed","ping_status":"closed","template":"","meta":{"footnotes":""},"class_list":["post-27877","page","type-page","status-publish","hentry"],"_links":{"self":[{"href":"https:\/\/hfsu.is\/en\/wp-json\/wp\/v2\/pages\/27877","targetHints":{"allow":["GET"]}}],"collection":[{"href":"https:\/\/hfsu.is\/en\/wp-json\/wp\/v2\/pages"}],"about":[{"href":"https:\/\/hfsu.is\/en\/wp-json\/wp\/v2\/types\/page"}],"author":[{"embeddable":true,"href":"https:\/\/hfsu.is\/en\/wp-json\/wp\/v2\/users\/10"}],"replies":[{"embeddable":true,"href":"https:\/\/hfsu.is\/en\/wp-json\/wp\/v2\/comments?post=27877"}],"version-history":[{"count":4,"href":"https:\/\/hfsu.is\/en\/wp-json\/wp\/v2\/pages\/27877\/revisions"}],"predecessor-version":[{"id":27899,"href":"https:\/\/hfsu.is\/en\/wp-json\/wp\/v2\/pages\/27877\/revisions\/27899"}],"wp:attachment":[{"href":"https:\/\/hfsu.is\/en\/wp-json\/wp\/v2\/media?parent=27877"}],"curies":[{"name":"wp","href":"https:\/\/api.w.org\/{rel}","templated":true}]}}