{"id":28243,"date":"2026-04-07T15:35:57","date_gmt":"2026-04-07T15:35:57","guid":{"rendered":"https:\/\/hfsu.is\/?page_id=28243"},"modified":"2026-04-07T15:37:53","modified_gmt":"2026-04-07T15:37:53","slug":"ingibjorg-lilja-omarsdottir-6","status":"publish","type":"page","link":"https:\/\/hfsu.is\/en\/the-science-and-research-fund-of-south-iceland\/grant-recipients\/ingibjorg-lilja-omarsdottir-6\/","title":{"rendered":"Ingibj\u00f6rg Lilja \u00d3marsd\u00f3ttir"},"content":{"rendered":"\t\t<div data-elementor-type=\"wp-page\" data-elementor-id=\"28243\" class=\"elementor elementor-28243 elementor-28242\">\n\t\t\t\t\t\t<section class=\"elementor-section elementor-top-section elementor-element elementor-element-2d852760 elementor-section-boxed elementor-section-height-default elementor-section-height-default sc_fly_static\" data-id=\"2d852760\" data-element_type=\"section\" data-e-type=\"section\">\n\t\t\t\t\t\t<div class=\"elementor-container elementor-column-gap-extended\">\n\t\t\t\t\t<div class=\"elementor-column elementor-col-100 elementor-top-column elementor-element elementor-element-19ae3e7d sc_content_align_inherit sc_layouts_column_icons_position_left sc_fly_static\" data-id=\"19ae3e7d\" data-element_type=\"column\" data-e-type=\"column\">\n\t\t\t<div class=\"elementor-widget-wrap elementor-element-populated\">\n\t\t\t\t\t\t<div class=\"elementor-element elementor-element-2f6849d3 elementor-position-inline-start elementor-mobile-position-inline-start elementor-widget__width-auto elementor-view-default sc_fly_static elementor-widget elementor-widget-icon-box\" data-id=\"2f6849d3\" data-element_type=\"widget\" data-e-type=\"widget\" data-widget_type=\"icon-box.default\">\n\t\t\t\t<div class=\"elementor-widget-container\">\n\t\t\t\t\t\t\t<div class=\"elementor-icon-box-wrapper\">\n\n\t\t\t\t\t\t<div class=\"elementor-icon-box-icon\">\n\t\t\t\t<a href=\"https:\/\/hfsu.is\/en\/the-science-and-research-fund-of-south-iceland\/grant-recipients\/\" class=\"elementor-icon\" tabindex=\"-1\" aria-label=\"Go back\">\n\t\t\t\t<i aria-hidden=\"true\" class=\"fas fa-arrow-left\"><\/i>\t\t\t\t<\/a>\n\t\t\t<\/div>\n\t\t\t\n\t\t\t\t\t\t<div class=\"elementor-icon-box-content\">\n\n\t\t\t\t\t\t\t\t\t<span class=\"elementor-icon-box-title\">\n\t\t\t\t\t\t<a href=\"https:\/\/hfsu.is\/en\/the-science-and-research-fund-of-south-iceland\/grant-recipients\/\" >\n\t\t\t\t\t\t\tGo back\t\t\t\t\t\t<\/a>\n\t\t\t\t\t<\/span>\n\t\t\t\t\n\t\t\t\t\n\t\t\t<\/div>\n\t\t\t\n\t\t<\/div>\n\t\t\t\t\t\t<\/div>\n\t\t\t\t<\/div>\n\t\t\t\t\t<\/div>\n\t\t<\/div>\n\t\t\t\t\t<\/div>\n\t\t<\/section>\n\t\t\t\t<section class=\"elementor-section elementor-top-section elementor-element elementor-element-aba0a7a elementor-section-stretched elementor-section-boxed elementor-section-height-default elementor-section-height-default sc_fly_static\" data-id=\"aba0a7a\" data-element_type=\"section\" data-e-type=\"section\" data-settings=\"{&quot;stretch_section&quot;:&quot;section-stretched&quot;,&quot;background_background&quot;:&quot;classic&quot;}\">\n\t\t\t\t\t\t<div class=\"elementor-container elementor-column-gap-extended\">\n\t\t\t\t\t<div class=\"elementor-column elementor-col-100 elementor-top-column elementor-element elementor-element-cd55551 sc_content_align_inherit sc_layouts_column_icons_position_left sc_fly_static\" data-id=\"cd55551\" data-element_type=\"column\" data-e-type=\"column\">\n\t\t\t<div class=\"elementor-widget-wrap elementor-element-populated\">\n\t\t\t\t\t\t<div class=\"elementor-element elementor-element-58cc937b sc_fly_static elementor-widget elementor-widget-trx_sc_title\" data-id=\"58cc937b\" data-element_type=\"widget\" data-e-type=\"widget\" data-widget_type=\"trx_sc_title.default\">\n\t\t\t\t<div class=\"elementor-widget-container\">\n\t\t\t\t\t<div\t\tclass=\"sc_title sc_title_accent\" ><span class=\"sc_item_subtitle sc_title_subtitle sc_align_center sc_item_subtitle_above sc_item_title_style_accent\">The Science and Research Fund<\/span><h1 class=\"sc_item_title sc_title_title sc_align_center sc_item_title_style_accent sc_item_title_tag\"\n\t\t\t><span class=\"sc_item_title_text\">Effects of land use changes on wading bird populations<\/span><\/h1><div class=\"sc_item_descr sc_title_descr sc_align_center\"><p>Ald\u00eds Erna P\u00e1lsd\u00f3ttir, for her doctoral project in Biology at the University of Iceland.<\/p>\n<\/div><\/div>\t\t\t\t<\/div>\n\t\t\t\t<\/div>\n\t\t\t\t<section class=\"elementor-section elementor-inner-section elementor-element elementor-element-3283551 elementor-section-boxed elementor-section-height-default elementor-section-height-default sc_fly_static\" data-id=\"3283551\" data-element_type=\"section\" data-e-type=\"section\">\n\t\t\t\t\t\t<div class=\"elementor-container elementor-column-gap-extended\">\n\t\t\t\t\t<div class=\"elementor-column elementor-col-50 elementor-inner-column elementor-element elementor-element-3a52a81 sc_content_align_inherit sc_layouts_column_icons_position_left sc_fly_static\" data-id=\"3a52a81\" data-element_type=\"column\" data-e-type=\"column\">\n\t\t\t<div class=\"elementor-widget-wrap elementor-element-populated\">\n\t\t\t\t\t\t<div class=\"elementor-element elementor-element-81309c9 sc_fly_static elementor-widget elementor-widget-text-editor\" data-id=\"81309c9\" data-element_type=\"widget\" data-e-type=\"widget\" data-widget_type=\"text-editor.default\">\n\t\t\t\t<div class=\"elementor-widget-container\">\n\t\t\t\t\t\t\t\t\t<p>We got her to tell us briefly about her project.<\/p><p>Biodiversity is declining globally and the main reasons for this are increased human activity. In the lowlands of Iceland, human activity has increased considerably in recent decades, but this is accompanied by major changes in land use, such as the construction of structures or changes in cultivation. The aim of this study was to investigate whether and how four types of human land use (roads, cottages, power lines and cultivated forests) had an effect on the density and species composition of peahens in the immediate environment. Areas were chosen in the lowlands of Iceland where these types of land use could be found and birds were counted. Two species (woodpecker and wagtail) either showed no effect or were found in higher densities near the aforementioned types of structures. On the other hand, there were six species (tufted tit, border shrike, shrike, tern, spoi and stilt) that were found in lower densities near at least one type of land use. Around roads and forests, it was possible to estimate how large the affected area was, which measured ~200 m beyond the perimeter.<\/p>\t\t\t\t\t\t\t\t<\/div>\n\t\t\t\t<\/div>\n\t\t\t\t\t<\/div>\n\t\t<\/div>\n\t\t\t\t<div class=\"elementor-column elementor-col-50 elementor-inner-column elementor-element elementor-element-dfc5d96 sc_content_align_inherit sc_layouts_column_icons_position_left sc_fly_static\" data-id=\"dfc5d96\" data-element_type=\"column\" data-e-type=\"column\">\n\t\t\t<div class=\"elementor-widget-wrap elementor-element-populated\">\n\t\t\t\t\t\t<div class=\"elementor-element elementor-element-e17aa04 sc_fly_static elementor-widget elementor-widget-image\" data-id=\"e17aa04\" data-element_type=\"widget\" data-e-type=\"widget\" data-widget_type=\"image.default\">\n\t\t\t\t<div class=\"elementor-widget-container\">\n\t\t\t\t\t\t\t\t\t\t\t\t<figure class=\"wp-caption\">\n\t\t\t\t\t\t\t\t\t\t<img fetchpriority=\"high\" decoding=\"async\" width=\"768\" height=\"1024\" src=\"https:\/\/hfsu.is\/wp-content\/uploads\/2025\/03\/M2-768x1024.jpeg\" class=\"attachment-large size-large wp-image-27401\" alt=\"\" srcset=\"https:\/\/hfsu.is\/wp-content\/uploads\/2025\/03\/M2-768x1024.jpeg 768w, https:\/\/hfsu.is\/wp-content\/uploads\/2025\/03\/M2-225x300.jpeg 225w, https:\/\/hfsu.is\/wp-content\/uploads\/2025\/03\/M2-1152x1536.jpeg 1152w, https:\/\/hfsu.is\/wp-content\/uploads\/2025\/03\/M2-370x493.jpeg 370w, https:\/\/hfsu.is\/wp-content\/uploads\/2025\/03\/M2-840x1120.jpeg 840w, https:\/\/hfsu.is\/wp-content\/uploads\/2025\/03\/M2-410x547.jpeg 410w, https:\/\/hfsu.is\/wp-content\/uploads\/2025\/03\/M2.jpeg 1440w\" sizes=\"(max-width: 768px) 100vw, 768px\" \/>\t\t\t\t\t\t\t\t\t\t\t<figcaption class=\"widget-image-caption wp-caption-text\">Jar\u00f0l\u00f6g sko\u00f0u\u00f0.<\/figcaption>\n\t\t\t\t\t\t\t\t\t\t<\/figure>\n\t\t\t\t\t\t\t\t\t<\/div>\n\t\t\t\t<\/div>\n\t\t\t\t\t<\/div>\n\t\t<\/div>\n\t\t\t\t\t<\/div>\n\t\t<\/section>\n\t\t\t\t\t<\/div>\n\t\t<\/div>\n\t\t\t\t\t<\/div>\n\t\t<\/section>\n\t\t\t\t<section class=\"elementor-section-with-custom-width elementor-section elementor-top-section elementor-element elementor-element-7c78fa6 elementor-section-boxed elementor-section-height-default elementor-section-height-default sc_fly_static\" data-id=\"7c78fa6\" data-element_type=\"section\" data-e-type=\"section\">\n\t\t\t\t\t\t<div class=\"elementor-container elementor-column-gap-extended\">\n\t\t\t\t\t<div class=\"elementor-column elementor-col-100 elementor-top-column elementor-element elementor-element-be408e2 sc_content_align_inherit sc_layouts_column_icons_position_left sc_fly_static\" data-id=\"be408e2\" data-element_type=\"column\" data-e-type=\"column\">\n\t\t\t<div class=\"elementor-widget-wrap elementor-element-populated\">\n\t\t\t\t\t\t<div class=\"elementor-element elementor-element-0534dbf sc_fly_static elementor-widget elementor-widget-text-editor\" data-id=\"0534dbf\" data-element_type=\"widget\" data-e-type=\"widget\" data-widget_type=\"text-editor.default\">\n\t\t\t\t<div class=\"elementor-widget-container\">\n\t\t\t\t\t\t\t\t\t<p>The table shows the negative effects of structures on the selected bird species that were investigated, i.e. Whimbrel, Golden plover, Godwit, Dunlin, Redshank, Meadow pipit, Oystercatcher, Common snipe, Redwing. The top line shows which types of structures\/infrastructure were examined for impact, from left: plantation forest, power lines, summer houses, roads. A &#8220;vulnerability index&#8221; was also calculated for each species based on the density of the species in question, together with the development of the number of individuals over the past 10 years at selected counting points that took place during the last 10 days of June each year along road junctions. The results show that most of the peat birds are declining, with the exception of the grebe and the woodpecker, which are either staying the same or increasing in number.<\/p>\t\t\t\t\t\t\t\t<\/div>\n\t\t\t\t<\/div>\n\t\t\t\t<div class=\"elementor-element elementor-element-7badfda sc_fly_static elementor-widget elementor-widget-image\" data-id=\"7badfda\" data-element_type=\"widget\" data-e-type=\"widget\" data-widget_type=\"image.default\">\n\t\t\t\t<div class=\"elementor-widget-container\">\n\t\t\t\t\t\t\t\t\t\t\t\t<figure class=\"wp-caption\">\n\t\t\t\t\t\t\t\t\t\t<img decoding=\"async\" width=\"1024\" height=\"768\" src=\"https:\/\/hfsu.is\/wp-content\/uploads\/2025\/03\/DONE-1024x768.jpeg\" class=\"attachment-large size-large wp-image-27403\" alt=\"\" srcset=\"https:\/\/hfsu.is\/wp-content\/uploads\/2025\/03\/DONE-1024x768.jpeg 1024w, https:\/\/hfsu.is\/wp-content\/uploads\/2025\/03\/DONE-300x225.jpeg 300w, https:\/\/hfsu.is\/wp-content\/uploads\/2025\/03\/DONE-768x576.jpeg 768w, https:\/\/hfsu.is\/wp-content\/uploads\/2025\/03\/DONE-370x278.jpeg 370w, https:\/\/hfsu.is\/wp-content\/uploads\/2025\/03\/DONE-840x630.jpeg 840w, https:\/\/hfsu.is\/wp-content\/uploads\/2025\/03\/DONE-410x308.jpeg 410w, https:\/\/hfsu.is\/wp-content\/uploads\/2025\/03\/DONE.jpeg 1280w\" sizes=\"(max-width: 1024px) 100vw, 1024px\" \/>\t\t\t\t\t\t\t\t\t\t\t<figcaption class=\"widget-image-caption wp-caption-text\">Rannsakendur \u00ed g\u00f3\u00f0um g\u00edr.<\/figcaption>\n\t\t\t\t\t\t\t\t\t\t<\/figure>\n\t\t\t\t\t\t\t\t\t<\/div>\n\t\t\t\t<\/div>\n\t\t\t\t<section class=\"elementor-section elementor-inner-section elementor-element elementor-element-83b6184 elementor-section-boxed elementor-section-height-default elementor-section-height-default sc_fly_static\" data-id=\"83b6184\" data-element_type=\"section\" data-e-type=\"section\">\n\t\t\t\t\t\t<div class=\"elementor-container elementor-column-gap-extended\">\n\t\t\t\t\t<div class=\"elementor-column elementor-col-100 elementor-inner-column elementor-element elementor-element-ff2b440 sc_content_align_inherit sc_layouts_column_icons_position_left sc_fly_static\" data-id=\"ff2b440\" data-element_type=\"column\" data-e-type=\"column\">\n\t\t\t<div class=\"elementor-widget-wrap elementor-element-populated\">\n\t\t\t\t\t\t<div class=\"elementor-element elementor-element-263fd14 elementor-widget__width-auto sc_fly_static elementor-widget elementor-widget-text-editor\" data-id=\"263fd14\" data-element_type=\"widget\" data-e-type=\"widget\" data-widget_type=\"text-editor.default\">\n\t\t\t\t<div class=\"elementor-widget-container\">\n\t\t\t\t\t\t\t\t\t<p>Although the study found that plovers are generally found in lower densities near various types of land use and structures, we still don&#8217;t know why. That&#8217;s why we started another study in 2022, which aims to check if and how the nesting success of these bird species changes with distance from structures and cultivated forests. That investigation is ongoing.<\/p>\t\t\t\t\t\t\t\t<\/div>\n\t\t\t\t<\/div>\n\t\t\t\t\t<\/div>\n\t\t<\/div>\n\t\t\t\t\t<\/div>\n\t\t<\/section>\n\t\t\t\t<section class=\"elementor-section elementor-inner-section elementor-element elementor-element-9ff667c elementor-reverse-mobile elementor-section-boxed elementor-section-height-default elementor-section-height-default sc_fly_static\" data-id=\"9ff667c\" data-element_type=\"section\" data-e-type=\"section\">\n\t\t\t\t\t\t<div class=\"elementor-container elementor-column-gap-extended\">\n\t\t\t\t\t<div class=\"elementor-column elementor-col-100 elementor-inner-column elementor-element elementor-element-fd26076 sc_content_align_inherit sc_layouts_column_icons_position_left sc_fly_static\" data-id=\"fd26076\" data-element_type=\"column\" data-e-type=\"column\">\n\t\t\t<div class=\"elementor-widget-wrap\">\n\t\t\t\t\t\t\t<\/div>\n\t\t<\/div>\n\t\t\t\t\t<\/div>\n\t\t<\/section>\n\t\t\t\t\t<\/div>\n\t\t<\/div>\n\t\t\t\t\t<\/div>\n\t\t<\/section>\n\t\t\t\t<section class=\"elementor-section elementor-top-section elementor-element elementor-element-a3fe406 elementor-section-boxed elementor-section-height-default elementor-section-height-default sc_fly_static\" data-id=\"a3fe406\" data-element_type=\"section\" data-e-type=\"section\">\n\t\t\t\t\t\t<div class=\"elementor-container elementor-column-gap-extended\">\n\t\t\t\t\t<div class=\"elementor-column elementor-col-100 elementor-top-column elementor-element elementor-element-69381ea sc_content_align_inherit sc_layouts_column_icons_position_left sc_fly_static\" data-id=\"69381ea\" data-element_type=\"column\" data-e-type=\"column\">\n\t\t\t<div class=\"elementor-widget-wrap elementor-element-populated\">\n\t\t\t\t\t\t<div class=\"elementor-element elementor-element-3691110 elementor-position-top sc_fly_static elementor-widget elementor-widget-image-box\" data-id=\"3691110\" data-element_type=\"widget\" data-e-type=\"widget\" data-widget_type=\"image-box.default\">\n\t\t\t\t<div class=\"elementor-widget-container\">\n\t\t\t\t\t<div class=\"elementor-image-box-wrapper\"><figure class=\"elementor-image-box-img\"><img decoding=\"async\" width=\"1272\" height=\"1920\" src=\"https:\/\/hfsu.is\/wp-content\/uploads\/2025\/03\/M5-e1743076495246.jpeg\" class=\"attachment-full size-full wp-image-27405\" alt=\"\" \/><\/figure><div class=\"elementor-image-box-content\"><p class=\"elementor-image-box-description\">Jar\u00f0vegurinn geymir mikla s\u00f6gu.<\/p><\/div><\/div>\t\t\t\t<\/div>\n\t\t\t\t<\/div>\n\t\t\t\t\t<\/div>\n\t\t<\/div>\n\t\t\t\t\t<\/div>\n\t\t<\/section>\n\t\t\t\t<section class=\"elementor-section elementor-top-section elementor-element elementor-element-f3501a8 elementor-section-boxed elementor-section-height-default elementor-section-height-default sc_fly_static\" data-id=\"f3501a8\" data-element_type=\"section\" data-e-type=\"section\">\n\t\t\t\t\t\t<div class=\"elementor-container elementor-column-gap-extended\">\n\t\t\t\t\t<div class=\"elementor-column elementor-col-100 elementor-top-column elementor-element elementor-element-51a07ff sc_content_align_inherit sc_layouts_column_icons_position_left sc_fly_static\" data-id=\"51a07ff\" data-element_type=\"column\" data-e-type=\"column\">\n\t\t\t<div class=\"elementor-widget-wrap\">\n\t\t\t\t\t\t\t<\/div>\n\t\t<\/div>\n\t\t\t\t\t<\/div>\n\t\t<\/section>\n\t\t\t\t<\/div>\n\t\t","protected":false},"excerpt":{"rendered":"<p>Go back The Science and Research Fund Effects of land use changes on wading bird&hellip;<\/p>\n","protected":false},"author":10,"featured_media":28315,"parent":24351,"menu_order":5,"comment_status":"closed","ping_status":"closed","template":"","meta":{"footnotes":""},"class_list":["post-28243","page","type-page","status-publish","has-post-thumbnail","hentry"],"_links":{"self":[{"href":"https:\/\/hfsu.is\/en\/wp-json\/wp\/v2\/pages\/28243","targetHints":{"allow":["GET"]}}],"collection":[{"href":"https:\/\/hfsu.is\/en\/wp-json\/wp\/v2\/pages"}],"about":[{"href":"https:\/\/hfsu.is\/en\/wp-json\/wp\/v2\/types\/page"}],"author":[{"embeddable":true,"href":"https:\/\/hfsu.is\/en\/wp-json\/wp\/v2\/users\/10"}],"replies":[{"embeddable":true,"href":"https:\/\/hfsu.is\/en\/wp-json\/wp\/v2\/comments?post=28243"}],"version-history":[{"count":2,"href":"https:\/\/hfsu.is\/en\/wp-json\/wp\/v2\/pages\/28243\/revisions"}],"predecessor-version":[{"id":28285,"href":"https:\/\/hfsu.is\/en\/wp-json\/wp\/v2\/pages\/28243\/revisions\/28285"}],"up":[{"embeddable":true,"href":"https:\/\/hfsu.is\/en\/wp-json\/wp\/v2\/pages\/24351"}],"wp:featuredmedia":[{"embeddable":true,"href":"https:\/\/hfsu.is\/en\/wp-json\/wp\/v2\/media\/28315"}],"wp:attachment":[{"href":"https:\/\/hfsu.is\/en\/wp-json\/wp\/v2\/media?parent=28243"}],"curies":[{"name":"wp","href":"https:\/\/api.w.org\/{rel}","templated":true}]}}